{"id":220,"date":"2021-03-03T09:17:53","date_gmt":"2021-03-03T09:17:53","guid":{"rendered":"https:\/\/ffs-bauelemente.com\/index.php\/service\/"},"modified":"2021-05-02T11:35:48","modified_gmt":"2021-05-02T11:35:48","slug":"service","status":"publish","type":"page","link":"https:\/\/ffs-bauelemente.com\/index.php\/service\/","title":{"rendered":"Service"},"content":{"rendered":"<div data-colibri-id=\"220-c1\" class=\"style-671 style-local-220-c1 position-relative\">\n  <!---->\n  <div data-colibri-component=\"section\" data-colibri-id=\"220-c2\" id=\"content\" class=\"h-section h-section-global-spacing d-flex align-items-lg-start align-items-md-start align-items-start style-673 style-local-220-c2 h-overflow-hidden position-relative\">\n    <!---->\n    <!---->\n    <div class=\"h-section-grid-container h-section-fluid-container\">\n      <!---->\n      <div data-colibri-id=\"220-c3\" class=\"h-row-container gutters-row-lg-2 gutters-row-md-2 gutters-row-0 gutters-row-v-lg-2 gutters-row-v-md-2 gutters-row-v-2 style-1537 style-local-220-c3 position-relative\">\n        <!---->\n        <div class=\"h-row justify-content-lg-center justify-content-md-center justify-content-center align-items-lg-stretch align-items-md-stretch align-items-stretch gutters-col-lg-2 gutters-col-md-2 gutters-col-0 gutters-col-v-lg-2 gutters-col-v-md-2 gutters-col-v-2\">\n          <!---->\n          <div class=\"h-column h-column-container d-flex h-col-lg h-col-md h-col-auto style-1538-outer style-local-220-c4-outer\">\n            <div data-colibri-id=\"220-c4\" class=\"d-flex h-flex-basis h-column__inner h-px-lg-2 h-px-md-2 h-px-2 v-inner-lg-2 v-inner-md-2 v-inner-2 style-1538 style-local-220-c4 position-relative\">\n              <!---->\n              <!---->\n              <div class=\"w-100 h-y-container h-column__content h-column__v-align flex-basis-100 align-self-lg-start align-self-md-start align-self-start\">\n                <!---->\n                <div data-colibri-id=\"220-c5\" class=\"h-global-transition-all h-heading style-1539 style-local-220-c5 position-relative h-element\">\n                  <!---->\n                  <div class=\"h-heading__outer style-1539 style-local-220-c5\">\n                    <!---->\n                    <!---->\n                    <h1 class=\"\"><\/h1>\n                  <\/div>\n                <\/div>\n              <\/div>\n            <\/div>\n          <\/div>\n        <\/div>\n      <\/div>\n      <div data-colibri-id=\"220-c6\" class=\"h-row-container gutters-row-lg-3 gutters-row-md-3 gutters-row-2 gutters-row-v-lg-3 gutters-row-v-md-3 gutters-row-v-2 style-674 style-local-220-c6 position-relative\">\n        <!---->\n        <div class=\"h-row justify-content-lg-center justify-content-md-center justify-content-center align-items-lg-center align-items-md-center align-items-center gutters-col-lg-3 gutters-col-md-3 gutters-col-2 gutters-col-v-lg-3 gutters-col-v-md-3 gutters-col-v-2\">\n          <!---->\n          <div class=\"h-column h-column-container d-flex h-col-lg-auto h-col-md-auto h-col-auto align-self-lg-center align-self-md-center align-self-center style-676-outer style-local-220-c7-outer\">\n            <div data-colibri-id=\"220-c7\" class=\"d-flex h-flex-basis h-column__inner h-px-lg-0 h-px-md-0 h-px-0 v-inner-lg-0 v-inner-md-0 v-inner-0 style-676 style-local-220-c7 position-relative\">\n              <!---->\n              <!---->\n              <div class=\"w-100 h-y-container h-column__content h-column__v-align flex-basis-100 align-self-lg-center align-self-md-center align-self-center\">\n                <!---->\n                <div data-colibri-id=\"220-c8\" class=\"h-global-transition-all h-heading style-678 style-local-220-c8 position-relative h-element\">\n                  <!---->\n                  <div class=\"h-heading__outer style-678 style-local-220-c8\">\n                    <!---->\n                    <!---->\n                    <h2 class=\"\">Unser Versprechen an Sie<\/h2>\n                  <\/div>\n                <\/div>\n                <div data-colibri-id=\"220-c28\" class=\"h-divider style-1630 style-local-220-c28 position-relative h-element\">\n                  <!----><span class=\"h-divider__line style-1630-line style-local-220-c28-line style-1630-line style-local-220-c28-line\"><\/span><\/div>\n                <div data-colibri-id=\"220-c9\" class=\"h-text h-text-component style-679 style-local-220-c9 position-relative h-element\">\n                  <!---->\n                  <!---->\n                  <div class=\"\">\n                    <p>Normalerweise sollte man mit Versprechen eher sparsam umgehen und vorsichtig sein, aber wir sind von der Qualit\u00e4t unserer Leistungen \u00fcberzeugt. Deshalb garantieren wir unseren Kunden 5 Jahre f\u00fcr unsere Arbeit.&nbsp;Und wir bieten Ihnen\n                      von Anfang an &#8222;Full Service&#8220;:<\/p>\n                  <\/div>\n                <\/div>\n              <\/div>\n            <\/div>\n          <\/div>\n        <\/div>\n      <\/div>\n    <\/div>\n  <\/div>\n  <div data-colibri-component=\"section\" data-colibri-id=\"220-c29\" id=\"overlappable\" class=\"h-section h-section-global-spacing d-flex align-items-lg-center align-items-md-center align-items-center style-1632 style-local-220-c29 position-relative\">\n    <!---->\n    <!---->\n    <div class=\"h-section-grid-container h-section-boxed-container\">\n      <!---->\n      <div data-colibri-id=\"220-c30\" class=\"h-row-container gutters-row-lg-0 gutters-row-md-0 gutters-row-2 gutters-row-v-lg-0 gutters-row-v-md-0 gutters-row-v-2 style-1633 style-local-220-c30 position-relative\">\n        <!---->\n        <div class=\"h-row justify-content-lg-center justify-content-md-center justify-content-center align-items-lg-stretch align-items-md-stretch align-items-stretch gutters-col-lg-0 gutters-col-md-0 gutters-col-2 gutters-col-v-lg-0 gutters-col-v-md-0 gutters-col-v-2\">\n          <!---->\n          <div class=\"h-column h-column-container d-flex h-col-lg-3 h-col-md-3 h-col-12 style-1634-outer style-local-220-c31-outer\">\n            <div data-colibri-id=\"220-c31\" class=\"d-flex h-flex-basis h-column__inner h-px-lg-3 h-px-md-3 h-px-2 v-inner-lg-3 v-inner-md-3 v-inner-2 style-1634 style-local-220-c31 position-relative\">\n              <!---->\n              <!---->\n              <div class=\"w-100 h-y-container h-column__content h-column__v-align flex-basis-100 align-self-lg-center align-self-md-center align-self-center\">\n                <!---->\n                <div data-colibri-id=\"220-c32\" class=\"h-icon style-1635 style-local-220-c32 position-relative h-element\">\n                  <!----><span class=\"h-svg-icon h-icon__icon style-1635-icon style-local-220-c32-icon\"><!--Icon by Icons8 Line Awesome (https:\/\/icons8.com\/line-awesome)--><svg version=\"1.1\" xmlns=\"http:\/\/www.w3.org\/2000\/svg\" xmlns:xlink=\"http:\/\/www.w3.org\/1999\/xlink\" id=\"comments\" viewBox=\"0 0 512 545.5\"><path d=\"M32 112h320v256H197.5L122 428.5l-26 21V368H32V112zm32 32v192h64v46.5l54-43 4.5-3.5H320V144H64zm320 32h96v256h-64v81.5L314.5 432h-149l40-32h120l58.5 46.5V400h64V208h-64v-32z\"><\/path><\/svg><\/span><\/div>\n                <div\n                  data-colibri-id=\"220-c33\" class=\"h-global-transition-all h-heading style-1636 style-local-220-c33 position-relative h-element\">\n                  <!---->\n                  <div class=\"h-heading__outer style-1636 style-local-220-c33\">\n                    <!---->\n                    <!---->\n                    <h5 class=\"\">Beratung<\/h5>\n                  <\/div>\n              <\/div>\n              <div data-colibri-id=\"220-c34\" class=\"h-text h-text-component style-1637 style-local-220-c34 position-relative h-element\">\n                <!---->\n                <!---->\n                <div class=\"\">\n                  <p>Wir nehmen uns gerne sehr viel Zeit, um mit Ihnen Ihr Projekt bis ins Detail zu planen, Fragen zu beantworten oder auch fachliche Sachverhalte zu erkl\u00e4ren.<\/p>\n                  <p>Und das alles garantiert kostenlos und unverbindlich!<\/p>\n                <\/div>\n              <\/div>\n            <\/div>\n          <\/div>\n        <\/div>\n        <div class=\"h-column h-column-container d-flex h-col-lg-3 h-col-md-3 h-col-12 style-1634-outer style-local-220-c35-outer\">\n          <div data-colibri-id=\"220-c35\" class=\"d-flex h-flex-basis h-column__inner h-px-lg-3 h-px-md-3 h-px-2 v-inner-lg-3 v-inner-md-3 v-inner-2 style-1634 style-local-220-c35 position-relative\">\n            <!---->\n            <!---->\n            <div class=\"w-100 h-y-container h-column__content h-column__v-align flex-basis-100 align-self-lg-center align-self-md-center align-self-center\">\n              <!---->\n              <div data-colibri-id=\"220-c36\" class=\"h-icon style-1635 style-local-220-c36 position-relative h-element\">\n                <!----><span class=\"h-svg-icon h-icon__icon style-1635-icon style-local-220-c36-icon\"><!--Icon by Icons8 Line Awesome (https:\/\/icons8.com\/line-awesome)--><svg version=\"1.1\" xmlns=\"http:\/\/www.w3.org\/2000\/svg\" xmlns:xlink=\"http:\/\/www.w3.org\/1999\/xlink\" id=\"pencil-square-o\" viewBox=\"0 0 512 545.5\"><path d=\"M400 96.5c12.242 0 24.271 4.771 33.5 14 18.457 18.457 18.457 48.543 0 67L275.5 336l-3.5 3.5-5 1-56 11-23.5 5 5-23.5 11-56 1-5 3.5-3.5 158.5-158c9.229-9.229 21.258-14 33.5-14zm0 31c-3.758 0-7.43 1.93-11 5.5L234 288l-5.5 27.5L256 310l155-155c7.144-7.144 7.144-14.856 0-22-3.57-3.57-7.242-5.5-11-5.5zM64 160h211l-32 32H96v256h256V301l32-32v211H64V160z\"><\/path><\/svg><\/span><\/div>\n              <div\n                data-colibri-id=\"220-c37\" class=\"h-global-transition-all h-heading style-1636 style-local-220-c37 position-relative h-element\">\n                <!---->\n                <div class=\"h-heading__outer style-1636 style-local-220-c37\">\n                  <!---->\n                  <!---->\n                  <h5 class=\"\">Aufma\u00df<\/h5>\n                <\/div>\n            <\/div>\n            <div data-colibri-id=\"220-c38\" class=\"h-text h-text-component style-1637 style-local-220-c38 position-relative h-element\">\n              <!---->\n              <!---->\n              <div class=\"\">\n                <p>Sind alle Fragen gekl\u00e4rt und steht Ihre Entscheidung, Ihrem Objekt neue Fenster, Haust\u00fcren oder einen Sonnenschutz zu g\u00f6nnen, dann \u00fcbernehmen wir das Aufmessen ebenfalls kostenlos, um Ihnen ein seri\u00f6ses Festpreisangebot erstellen zu k\u00f6nnen!<\/p>\n              <\/div>\n            <\/div>\n          <\/div>\n        <\/div>\n      <\/div>\n      <div class=\"h-column h-column-container d-flex h-col-lg-3 h-col-md-3 h-col-12 style-1634-outer style-local-220-c39-outer\">\n        <div data-colibri-id=\"220-c39\" class=\"d-flex h-flex-basis h-column__inner h-px-lg-3 h-px-md-3 h-px-2 v-inner-lg-3 v-inner-md-3 v-inner-2 style-1634 style-local-220-c39 position-relative\">\n          <!---->\n          <!---->\n          <div class=\"w-100 h-y-container h-column__content h-column__v-align flex-basis-100 align-self-lg-center align-self-md-center align-self-center\">\n            <!---->\n            <div data-colibri-id=\"220-c40\" class=\"h-icon style-1635 style-local-220-c40 position-relative h-element\">\n              <!----><span class=\"h-svg-icon h-icon__icon style-1635-icon style-local-220-c40-icon\"><!--Icon by Icons8 Line Awesome (https:\/\/icons8.com\/line-awesome)--><svg version=\"1.1\" xmlns=\"http:\/\/www.w3.org\/2000\/svg\" xmlns:xlink=\"http:\/\/www.w3.org\/1999\/xlink\" id=\"truck\" viewBox=\"0 0 512 545.5\"><path d=\"M0 96h288v64h86.5l5 4.5 96 96 4.5 5V432h-50.5c-7.153 27.518-31.85 48-61.5 48s-54.347-20.482-61.5-48h-133c-7.153 27.518-31.85 48-61.5 48s-54.347-20.482-61.5-48H0V96zm32 32v272h18.5c7.153-27.518 31.85-48 61.5-48s54.347 20.482 61.5 48H256V128H32zm256 64v208h18.5c7.153-27.518 31.85-48 61.5-48s54.347 20.482 61.5 48H448V279l-87-87h-73zM112 384c-17.862 0-32 14.138-32 32s14.138 32 32 32 32-14.138 32-32-14.138-32-32-32zm256 0c-17.862 0-32 14.138-32 32s14.138 32 32 32 32-14.138 32-32-14.138-32-32-32z\"><\/path><\/svg><\/span><\/div>\n            <div\n              data-colibri-id=\"220-c41\" class=\"h-global-transition-all h-heading style-1636 style-local-220-c41 position-relative h-element\">\n              <!---->\n              <div class=\"h-heading__outer style-1636 style-local-220-c41\">\n                <!---->\n                <!---->\n                <h5 class=\"\">Lieferung &amp; Montage<\/h5>\n              <\/div>\n          <\/div>\n          <div data-colibri-id=\"220-c42\" class=\"h-text h-text-component style-1637 style-local-220-c42 position-relative h-element\">\n            <!---->\n            <!---->\n            <div class=\"\">\n              <p>Haben wir Ihren Auftrag erhalten, so sorgen wir f\u00fcr die p\u00fcnktliche und zuverl\u00e4ssige Lieferung und montieren Ihre Elemente fachm\u00e4nnisch mit zertifizierten Montagematerialien und unter Einhaltung der aktuell g\u00fcltigen Montagevorschriften (RAL,\n                EnEV, DIN 4109\/4109)<\/p>\n            <\/div>\n          <\/div>\n        <\/div>\n      <\/div>\n    <\/div>\n    <div class=\"h-column h-column-container d-flex h-col-lg-3 h-col-md-3 h-col-12 style-1638-outer style-local-220-c43-outer\">\n      <div data-colibri-id=\"220-c43\" class=\"d-flex h-flex-basis h-column__inner h-px-lg-3 h-px-md-3 h-px-2 v-inner-lg-3 v-inner-md-3 v-inner-2 style-1638 style-local-220-c43 position-relative\">\n        <!---->\n        <!---->\n        <div class=\"w-100 h-y-container h-column__content h-column__v-align flex-basis-100 align-self-lg-center align-self-md-center align-self-center\">\n          <!---->\n          <div data-colibri-id=\"220-c44\" class=\"h-icon style-1635 style-local-220-c44 position-relative h-element\">\n            <!----><span class=\"h-svg-icon h-icon__icon style-1635-icon style-local-220-c44-icon\"><!--Icon by Icons8 Line Awesome (https:\/\/icons8.com\/line-awesome)--><svg version=\"1.1\" xmlns=\"http:\/\/www.w3.org\/2000\/svg\" xmlns:xlink=\"http:\/\/www.w3.org\/1999\/xlink\" id=\"phone\" viewBox=\"0 0 512 545.5\"><path d=\"M138.5 80c8.375 0 16.656 3.024 23.5 8.5l1 .5.5.5 64 66 1.5 1.5-.5.5c14.174 13.212 13.968 35.53.5 49l-32 32c4.92 11.277 18.33 40.02 44.5 65 26.358 25.16 53.932 39.467 65.5 45l31.5-31.5.5-.5c13.28-13.28 36.72-13.28 50 0l.5 1 65 65c13.28 13.28 13.28 36.22 0 49.5L405 481.5l-.5.5-.5.5c-15.01 12.867-36.04 17.486-55.5 11h-.5c-37.55-14.693-113.51-48.01-181.5-116C98.773 309.773 64.052 234.84 50.5 196c-.035-.1.034-.4 0-.5-6.703-18.434-1.915-39.738 13.5-54l-.5-.5 50-51.5.5-.5 1-.5c6.844-5.476 15.125-8.5 23.5-8.5zm0 32c-1.172 0-2.344.575-3.5 1.5L86.5 163l-.5.5-.5.5c-5.674 4.863-7.44 14.493-5 21 12.12 34.847 45.2 106.7 108.5 170 62.784 62.784 133.224 93.76 169.5 108 9.34 3.113 17.11 1.833 24.5-4.5l49-49c2.72-2.72 2.72-1.78 0-4.5l-65.5-65.5c-2.72-2.72-2.28-2.72-5 0l-40 40-7.5 7.5-10-4.5s-43.83-18.552-81-52.5l-3.5-3c-38.595-36.84-57-86-57-86l-3.5-10 7.5-7 40-40c1.966-1.966.874-3.6 1-3.5l-.5-.5-1-1-64-65.5c-1.156-.925-2.328-1.5-3.5-1.5z\"><\/path><\/svg><\/span><\/div>\n          <div\n            data-colibri-id=\"220-c45\" class=\"h-global-transition-all h-heading style-1636 style-local-220-c45 position-relative h-element\">\n            <!---->\n            <div class=\"h-heading__outer style-1636 style-local-220-c45\">\n              <!---->\n              <!---->\n              <h5 class=\"\">Kundendienst<\/h5>\n            <\/div>\n        <\/div>\n        <div data-colibri-id=\"220-c46\" class=\"h-text h-text-component style-1637 style-local-220-c46 position-relative h-element\">\n          <!---->\n          <!---->\n          <div class=\"\">\n            <p>Trotz sorgf\u00e4ltigster Verarbeitung und h\u00f6chster Qualit\u00e4t kann es auch bei unseren Elementen einmal zu St\u00f6rungen oder Funktionsbeeintr\u00e4chtigungen kommen. F\u00fcr diesen Fall steht Ihnen unser Kundendienst schnell und hilfsbereit zur Seite.<\/p>\n          <\/div>\n        <\/div>\n      <\/div>\n    <\/div>\n  <\/div>\n<\/div>\n<\/div>\n<\/div>\n<\/div>\n<\/div>","protected":false},"excerpt":{"rendered":"<p>Unser Versprechen an Sie Normalerweise sollte man mit Versprechen eher sparsam umgehen und vorsichtig sein, aber wir sind von der Qualit\u00e4t unserer Leistungen \u00fcberzeugt. Deshalb garantieren wir unseren Kunden 5 Jahre f\u00fcr unsere Arbeit.&nbsp;Und wir bieten Ihnen von Anfang an &#8222;Full Service&#8220;: Beratung Wir nehmen uns gerne sehr viel Zeit, um mit Ihnen Ihr Projekt [&hellip;]<\/p>\n","protected":false},"author":1,"featured_media":0,"parent":0,"menu_order":0,"comment_status":"closed","ping_status":"closed","template":"page-templates\/full-width-page.php","meta":[],"_links":{"self":[{"href":"https:\/\/ffs-bauelemente.com\/index.php\/wp-json\/wp\/v2\/pages\/220"}],"collection":[{"href":"https:\/\/ffs-bauelemente.com\/index.php\/wp-json\/wp\/v2\/pages"}],"about":[{"href":"https:\/\/ffs-bauelemente.com\/index.php\/wp-json\/wp\/v2\/types\/page"}],"author":[{"embeddable":true,"href":"https:\/\/ffs-bauelemente.com\/index.php\/wp-json\/wp\/v2\/users\/1"}],"replies":[{"embeddable":true,"href":"https:\/\/ffs-bauelemente.com\/index.php\/wp-json\/wp\/v2\/comments?post=220"}],"version-history":[{"count":11,"href":"https:\/\/ffs-bauelemente.com\/index.php\/wp-json\/wp\/v2\/pages\/220\/revisions"}],"predecessor-version":[{"id":2218,"href":"https:\/\/ffs-bauelemente.com\/index.php\/wp-json\/wp\/v2\/pages\/220\/revisions\/2218"}],"wp:attachment":[{"href":"https:\/\/ffs-bauelemente.com\/index.php\/wp-json\/wp\/v2\/media?parent=220"}],"curies":[{"name":"wp","href":"https:\/\/api.w.org\/{rel}","templated":true}]}}