{"id":134,"date":"2021-03-06T14:10:58","date_gmt":"2021-03-06T14:10:58","guid":{"rendered":"https:\/\/ffs-bauelemente.com\/?page_id=134"},"modified":"2021-05-02T12:05:01","modified_gmt":"2021-05-02T12:05:01","slug":"kundendienstanforderunhg","status":"publish","type":"page","link":"https:\/\/ffs-bauelemente.com\/index.php\/kundendienstanforderunhg\/","title":{"rendered":"Kundendienstanforderung"},"content":{"rendered":"<div data-colibri-id=\"134-c1\" class=\"style-1159 style-local-134-c1 position-relative\">\n  <!---->\n  <div data-colibri-component=\"section\" data-colibri-id=\"134-c2\" id=\"initial-content\" class=\"h-section h-section-global-spacing d-flex align-items-lg-start align-items-md-start align-items-start style-1160 style-local-134-c2 position-relative\">\n    <!---->\n    <!---->\n    <div class=\"h-section-grid-container h-section-fluid-container\">\n      <!---->\n      <div data-colibri-id=\"134-c3\" class=\"h-row-container gutters-row-lg-3 gutters-row-md-3 gutters-row-0 gutters-row-v-lg-3 gutters-row-v-md-3 gutters-row-v-3 style-1236 style-local-134-c3 position-relative\">\n        <!---->\n        <div class=\"h-row justify-content-lg-center justify-content-md-center justify-content-center align-items-lg-stretch align-items-md-stretch align-items-stretch gutters-col-lg-3 gutters-col-md-3 gutters-col-0 gutters-col-v-lg-3 gutters-col-v-md-3 gutters-col-v-3\">\n          <!---->\n          <div class=\"h-column h-column-container d-flex h-col-lg-auto h-col-md-auto h-col-auto style-1237-outer style-local-134-c4-outer\">\n            <div data-colibri-id=\"134-c4\" class=\"d-flex h-flex-basis h-column__inner h-px-lg-3 h-px-md-3 h-px-3 v-inner-lg-3 v-inner-md-3 v-inner-3 style-1237 style-local-134-c4 position-relative\">\n              <!---->\n              <!---->\n              <div class=\"w-100 h-y-container h-column__content h-column__v-align flex-basis-100 align-self-lg-start align-self-md-start align-self-start\">\n                <!---->\n                <div data-colibri-id=\"134-c5\" class=\"h-global-transition-all h-heading style-1536 style-local-134-c5 position-relative h-element\">\n                  <!---->\n                  <div class=\"h-heading__outer style-1536 style-local-134-c5\">\n                    <!---->\n                    <!---->\n                    <h1 class=\"\">Kundendienstanforderung<\/h1>\n                  <\/div>\n                <\/div>\n              <\/div>\n            <\/div>\n          <\/div>\n        <\/div>\n      <\/div>\n      <div data-colibri-id=\"134-c6\" class=\"h-row-container gutters-row-lg-1 gutters-row-md-1 gutters-row-0 gutters-row-v-lg-1 gutters-row-v-md-1 gutters-row-v-1 style-1233 style-local-134-c6 position-relative\">\n        <!---->\n        <div class=\"h-row justify-content-lg-center justify-content-md-center justify-content-center align-items-lg-stretch align-items-md-stretch align-items-stretch gutters-col-lg-1 gutters-col-md-1 gutters-col-0 gutters-col-v-lg-1 gutters-col-v-md-1 gutters-col-v-1\">\n          <!---->\n          <div class=\"h-column h-column-container d-flex h-col-lg-auto h-col-md-auto h-col-auto style-1234-outer style-local-134-c7-outer\">\n            <div data-colibri-id=\"134-c7\" class=\"d-flex h-flex-basis h-column__inner h-px-lg-1 h-px-md-1 h-px-1 v-inner-lg-1 v-inner-md-1 v-inner-1 style-1234 style-local-134-c7 position-relative\">\n              <!---->\n              <!---->\n              <div class=\"w-100 h-y-container h-column__content h-column__v-align flex-basis-100 align-self-lg-center align-self-md-center align-self-center\">\n                <!---->\n                <div data-colibri-id=\"134-c8\" class=\"h-text h-text-component style-1235 style-local-134-c8 position-relative h-element\">\n                  <!---->\n                  <!---->\n                  <div class=\"\">\n                    <p>Damit Sie sich m\u00f6glichst lange an Ihren Fenstern, Haust\u00fcren und Sonnenschutzelementen erfreuen k\u00f6nnen, empfehlen wir Ihnen, regelm\u00e4\u00dfig unseren Kundendienst in Anspruch zu nehmen.<\/p>\n                    <p> Teilen Sie uns gerne Ihren Wunschtermin mit.<\/p>\n                    <p>Wir freuen uns auf Ihre Anfrage.<\/p>\n                  <\/div>\n                <\/div>\n              <\/div>\n            <\/div>\n          <\/div>\n        <\/div>\n      <\/div>\n      <div data-colibri-id=\"134-c9\" class=\"h-row-container gutters-row-lg-2 gutters-row-md-2 gutters-row-0 gutters-row-v-lg-2 gutters-row-v-md-2 gutters-row-v-2 style-1161 style-local-134-c9 position-relative\">\n        <!---->\n        <div class=\"h-row justify-content-lg-center justify-content-md-center justify-content-center align-items-lg-stretch align-items-md-stretch align-items-stretch gutters-col-lg-2 gutters-col-md-2 gutters-col-0 gutters-col-v-lg-2 gutters-col-v-md-2 gutters-col-v-2\">\n          <!---->\n          <div class=\"h-column h-column-container d-flex h-col-lg-auto h-col-md-auto h-col-auto style-1162-outer style-local-134-c10-outer\">\n            <div data-colibri-id=\"134-c10\" class=\"d-flex h-flex-basis h-column__inner h-px-lg-2 h-px-md-2 h-px-2 v-inner-lg-2 v-inner-md-2 v-inner-2 style-1162 style-local-134-c10 position-relative\">\n              <!---->\n              <!---->\n              <div class=\"w-100 h-y-container h-column__content h-column__v-align flex-basis-100 align-self-lg-start align-self-md-start align-self-start\">\n                <!---->\n                <div data-colibri-id=\"134-c11\" class=\"style-1163 style-local-134-c11 position-relative h-element\">\n                  <!---->\n                  <div>\n                    \n                    <div class=\"forminator-guttenberg\"><div class=\"forminator-ui forminator-custom-form forminator-custom-form-187 forminator-design--default forminator-custom \" data-forminator-render=\"0\" data-form=\"forminator-module-187\"><br\/><\/div><form\n\t\t\t\tid=\"forminator-module-187\"\n\t\t\t\tclass=\"forminator-ui forminator-custom-form forminator-custom-form-187 forminator-design--default forminator-custom \"\n\t\t\t\tmethod=\"post\"\n\t\t\t\tdata-forminator-render=\"0\"\n\t\t\t\tdata-form-id=\"187\"\n\t\t\t\t\n\t\t\t\tdata-design=\"default\"\n\t\t\t\t\n\t\t\t\t\n\t\t\t\t\n\t\t\t\tdata-grid=\"custom\"\n\t\t\t\t\n\t\t\t\t\n\t\t\t\tstyle=\"display: none;\"\n\t\t\t><div class=\"forminator-response-message forminator-error\" aria-hidden=\"true\"><\/div><div class=\"forminator-row\"><div id=\"name-1\" class=\"forminator-col forminator-col-12  z.B. Mustermann\"><div class=\"forminator-row\" data-multiple=\"true\"><div class=\"forminator-col forminator-col-12\"><div class=\"forminator-field\"><label for=\"forminator-field-first-name-1\" class=\"forminator-label\">Vorname <span class=\"forminator-required\">*<\/span><\/label><input type=\"text\" name=\"name-1-first-name\" placeholder=\"\" id=\"forminator-field-first-name-1\" class=\"forminator-input\" aria-required=\"true\" data-multi=\"1\" value=\"\" \/><\/div><\/div><\/div><div class=\"forminator-row\" data-multiple=\"true\"><div class=\"forminator-col forminator-col-12\"><div class=\"forminator-field\"><label for=\"forminator-field-last-name-1\" class=\"forminator-label\">Nachname <span class=\"forminator-required\">*<\/span><\/label><input type=\"text\" name=\"name-1-last-name\" placeholder=\"\" id=\"forminator-field-last-name-1\" class=\"forminator-input\" aria-required=\"true\" data-multi=\"1\" value=\"\" \/><\/div><\/div><\/div><\/div><\/div><div class=\"forminator-row\"><div id=\"address-1\" class=\"forminator-col forminator-col-12 \"><div class=\"forminator-row\"><div class=\"forminator-col\"><div class=\"forminator-field\"><label for=\"forminator-field-street_address-address-1\" class=\"forminator-label\">Stra\u00dfe, Hausnummer <span class=\"forminator-required\">*<\/span><\/label><input type=\"text\" name=\"address-1-street_address\" placeholder=\"\" id=\"forminator-field-street_address-address-1\" class=\"forminator-input\" data-required=\"1\" aria-required=\"true\" value=\"\" \/><\/div><\/div><\/div><div class=\"forminator-row\"><div class=\"forminator-col\"><div class=\"forminator-field\"><label for=\"forminator-field-address_line-address-1\" class=\"forminator-label\">Adresszusatz<\/label><input type=\"text\" name=\"address-1-address_line\" placeholder=\"z.B. Ortsteil, Wohnung, Hausteil\" id=\"forminator-field-address_line-address-1\" class=\"forminator-input\" data-required=\"\" aria-required=\"false\" value=\"\" \/><\/div><\/div><\/div><div class=\"forminator-row\" data-multiple=\"false\"><div class=\"forminator-col forminator-col-12\"><div class=\"forminator-field\"><label for=\"forminator-field-cityaddress-1\" class=\"forminator-label\">Stadt <span class=\"forminator-required\">*<\/span><\/label><input type=\"text\" name=\"address-1-city\" placeholder=\"\" id=\"forminator-field-cityaddress-1\" class=\"forminator-input\" data-required=\"1\" aria-required=\"true\" value=\"\" \/><\/div><\/div><\/div><div class=\"forminator-row\" data-multiple=\"false\"><div class=\"forminator-col forminator-col-12\"><div class=\"forminator-field\"><label for=\"forminator-field-zip-address-1\" class=\"forminator-label\">PLZ <span class=\"forminator-required\">*<\/span><\/label><input type=\"text\" name=\"address-1-zip\" placeholder=\"\" id=\"forminator-field-zip-address-1\" class=\"forminator-input\" value=\"\" \/><\/div><\/div><\/div><\/div><\/div><div class=\"forminator-row\"><div id=\"phone-1\" class=\"forminator-col forminator-col-6 \"><div class=\"forminator-field\"><label for=\"forminator-field-phone-1\" class=\"forminator-label\">Telefon <span class=\"forminator-required\">*<\/span><\/label><input type=\"text\" name=\"phone-1\" value=\"\" placeholder=\"+49\" id=\"forminator-field-phone-1\" class=\"forminator-input forminator-field--phone\" data-required=\"1\" aria-required=\"true\" autocomplete=\"off\" \/><\/div><\/div><div id=\"email-1\" class=\"forminator-col forminator-col-6 \"><div class=\"forminator-field\"><label for=\"forminator-field-email-1\" class=\"forminator-label\">Email Adresse <span class=\"forminator-required\">*<\/span><\/label><input type=\"email\" name=\"email-1\" value=\"\" placeholder=\"\" id=\"forminator-field-email-1\" class=\"forminator-input forminator-email--field\" data-required=\"1\" aria-required=\"true\" \/><\/div><\/div><\/div><div class=\"forminator-row\"><div id=\"checkbox-1\" class=\"forminator-col forminator-col-6 \"><div role=\"group\" class=\"forminator-field\" aria-labelledby=\"forminator-checkbox-group-6a08105318e81-label\"><h4 id=\"forminator-checkbox-group-6a08105318e81-label\" class=\"forminator-label\">Wartung<\/h4><label for=\"forminator-field-checkbox-1-1-6a08105318e81\" class=\"forminator-checkbox\" title=\"Ja\"><input type=\"checkbox\" name=\"checkbox-1[]\" value=\"ja\" id=\"forminator-field-checkbox-1-1-6a08105318e81\" data-calculation=\"0\"  \/><span class=\"forminator-checkbox-box\" aria-hidden=\"true\"><\/span><span class=\"forminator-checkbox-label\">Ja<\/span><\/label><span class=\"forminator-description\" aria-describedby=\"\">z.B. Fenstereinstellung, Funktions\u00fcberpr\u00fcfung...<\/span><\/div><\/div><div id=\"checkbox-2\" class=\"forminator-col forminator-col-6 \"><div role=\"group\" class=\"forminator-field\" aria-labelledby=\"forminator-checkbox-group-6a08105318ed0-label\"><h4 id=\"forminator-checkbox-group-6a08105318ed0-label\" class=\"forminator-label\">Reparatur<\/h4><label for=\"forminator-field-checkbox-2-1-6a08105318ed0\" class=\"forminator-checkbox\" title=\"Ja\"><input type=\"checkbox\" name=\"checkbox-2[]\" value=\"ja\" id=\"forminator-field-checkbox-2-1-6a08105318ed0\" data-calculation=\"0\"  \/><span class=\"forminator-checkbox-box\" aria-hidden=\"true\"><\/span><span class=\"forminator-checkbox-label\">Ja<\/span><\/label><span class=\"forminator-description\" aria-describedby=\"\">z.B. Behangwechsel an Rollladen, defekte Scheibe tauschen...<\/span><\/div><\/div><\/div><div class=\"forminator-row\"><div id=\"text-1\" class=\"forminator-col forminator-col-12 \"><div class=\"forminator-field\"><label for=\"forminator-field-text-1\" class=\"forminator-label\">Beschreibung des Sachverhalts\/Defekts <span class=\"forminator-required\">*<\/span><\/label><input type=\"text\" name=\"text-1\" value=\"\" placeholder=\"hier eintragen\" id=\"forminator-field-text-1\" class=\"forminator-input forminator-name--field\" data-required=\"1\" \/><\/div><\/div><\/div><div class=\"forminator-row\"><div id=\"textarea-1\" class=\"forminator-col forminator-col-12 \"><div class=\"forminator-field\"><label for=\"forminator-field-textarea-1\" class=\"forminator-label\">Terminvorschlag <span class=\"forminator-required\">*<\/span><\/label><textarea name=\"textarea-1\" placeholder=\"Bitte teilen Sie uns mit, wann Sie f\u00fcr den Kundendiensteinsatz zuhause w\u00e4ren.\nBitte beachten Sie unsere \u00d6ffnungszeiten!\" id=\"forminator-field-textarea-1\" class=\"forminator-textarea\" rows=\"6\" style=\"min-height:140px;\" ><\/textarea><\/div><\/div><\/div><div class=\"forminator-row\"><div id=\"date-1\" class=\"forminator-col forminator-col-6 \"><div class=\"forminator-field\"><label for=\"forminator-field-date-1-picker-6a08105319057\" class=\"forminator-label\">Datum <span class=\"forminator-required\">*<\/span><\/label><div class=\"forminator-input-with-icon\"><label for=\"forminator-field-date-1-picker-6a08105319057\"><span class=\"forminator-icon-calendar\" aria-hidden=\"true\"><\/span><\/label><input type=\"text\" size=\"1\" name=\"date-1\" value=\"\" placeholder=\"Bitte Datum ausw\u00e4hlen!\" id=\"forminator-field-date-1-picker-6a08105319057\" class=\"forminator-input forminator-datepicker\" data-required=\"1\" data-format=\"dd-mm-yy\" data-restrict-type=\"week\" data-restrict=\"0,6\" data-start-year=\"1926\" data-end-year=\"2126\" data-past-dates=\"enable\" data-start-of-week=\"1\" data-start-date=\"\" data-end-date=\"\" data-start-field=\"\" data-end-field=\"\" data-start-offset=\"\" data-end-offset=\"\" data-disable-date=\"\" data-disable-range=\"\" \/><\/div><\/div><\/div><div id=\"time-1\" class=\"forminator-col forminator-col-6 \"><div class=\"forminator-timepicker\"><div class=\"forminator-row\" data-multiple=\"true\"><div id=\"time-1-hours \" class=\"forminator-col forminator-col-6\"><div class=\"forminator-field\"><label for=\"forminator-field-time-1-hours\" class=\"forminator-label\">Hours <span class=\"forminator-required\">*<\/span><\/label><select name=\"time-1-hours\" id=\"forminator-field-time-1-hours\" class=\"forminator-select2\" data-field=\"hours\" data-default-value=\"\"><option value=\"0\" >00<\/option><option value=\"1\" >01<\/option><option value=\"2\" >02<\/option><option value=\"3\" >03<\/option><option value=\"4\" >04<\/option><option value=\"5\" >05<\/option><option value=\"6\" >06<\/option><option value=\"7\" >07<\/option><option value=\"8\" >08<\/option><option value=\"9\" >09<\/option><option value=\"10\" >10<\/option><option value=\"11\" >11<\/option><option value=\"12\" >12<\/option><option value=\"13\" >13<\/option><option value=\"14\" >14<\/option><option value=\"15\" >15<\/option><option value=\"16\" >16<\/option><option value=\"17\" >17<\/option><option value=\"18\" >18<\/option><option value=\"19\" >19<\/option><option value=\"20\" >20<\/option><option value=\"21\" >21<\/option><option value=\"22\" >22<\/option><option value=\"23\" >23<\/option><\/select><\/div><\/div><div id=\"time-1-minutes\" class=\"forminator-col forminator-col-6\"><div class=\"forminator-field\"><label for=\"forminator-field-time-1-minutes\" class=\"forminator-label\">Minutes <span class=\"forminator-required\">*<\/span><\/label><select name=\"time-1-minutes\" id=\"forminator-field-time-1-minutes\" class=\"forminator-select2\" data-field=\"minutes\" data-default-value=\"\"><option value=\"0\" >00<\/option><option value=\"1\" >01<\/option><option value=\"2\" >02<\/option><option value=\"3\" >03<\/option><option value=\"4\" >04<\/option><option value=\"5\" >05<\/option><option value=\"6\" >06<\/option><option value=\"7\" >07<\/option><option value=\"8\" >08<\/option><option value=\"9\" >09<\/option><option value=\"10\" >10<\/option><option value=\"11\" >11<\/option><option value=\"12\" >12<\/option><option value=\"13\" >13<\/option><option value=\"14\" >14<\/option><option value=\"15\" >15<\/option><option value=\"16\" >16<\/option><option value=\"17\" >17<\/option><option value=\"18\" >18<\/option><option value=\"19\" >19<\/option><option value=\"20\" >20<\/option><option value=\"21\" >21<\/option><option value=\"22\" >22<\/option><option value=\"23\" >23<\/option><option value=\"24\" >24<\/option><option value=\"25\" >25<\/option><option value=\"26\" >26<\/option><option value=\"27\" >27<\/option><option value=\"28\" >28<\/option><option value=\"29\" >29<\/option><option value=\"30\" >30<\/option><option value=\"31\" >31<\/option><option value=\"32\" >32<\/option><option value=\"33\" >33<\/option><option value=\"34\" >34<\/option><option value=\"35\" >35<\/option><option value=\"36\" >36<\/option><option value=\"37\" >37<\/option><option value=\"38\" >38<\/option><option value=\"39\" >39<\/option><option value=\"40\" >40<\/option><option value=\"41\" >41<\/option><option value=\"42\" >42<\/option><option value=\"43\" >43<\/option><option value=\"44\" >44<\/option><option value=\"45\" >45<\/option><option value=\"46\" >46<\/option><option value=\"47\" >47<\/option><option value=\"48\" >48<\/option><option value=\"49\" >49<\/option><option value=\"50\" >50<\/option><option value=\"51\" >51<\/option><option value=\"52\" >52<\/option><option value=\"53\" >53<\/option><option value=\"54\" >54<\/option><option value=\"55\" >55<\/option><option value=\"56\" >56<\/option><option value=\"57\" >57<\/option><option value=\"58\" >58<\/option><option value=\"59\" >59<\/option><\/select><\/div><\/div><\/div><\/div><\/div><\/div><div class=\"forminator-row\"><div id=\"checkbox-3\" class=\"forminator-col forminator-col-12 \"><div role=\"group\" class=\"forminator-field\" aria-labelledby=\"forminator-checkbox-group-6a081053191d5-label\"><h4 id=\"forminator-checkbox-group-6a081053191d5-label\" class=\"forminator-label\">Zahlung<\/h4><label for=\"forminator-field-checkbox-3-1-6a081053191d5\" class=\"forminator-checkbox\" title=\"Bar gegen Sofortrechnung\"><input type=\"checkbox\" name=\"checkbox-3[]\" value=\"bar-gegen-sofortrechnung\" id=\"forminator-field-checkbox-3-1-6a081053191d5\" data-calculation=\"0\" checked=\"checked\" \/><span class=\"forminator-checkbox-box\" aria-hidden=\"true\"><\/span><span class=\"forminator-checkbox-label\">Bar gegen Sofortrechnung<\/span><\/label><label for=\"forminator-field-checkbox-3-2-6a081053191d5\" class=\"forminator-checkbox\" title=\"Rechnung (ab 100 Euro)\"><input type=\"checkbox\" name=\"checkbox-3[]\" value=\"ja\" id=\"forminator-field-checkbox-3-2-6a081053191d5\" data-calculation=\"0\"  \/><span class=\"forminator-checkbox-box\" aria-hidden=\"true\"><\/span><span class=\"forminator-checkbox-label\">Rechnung (ab 100 Euro)<\/span><\/label><label for=\"forminator-field-checkbox-3-3-6a081053191d5\" class=\"forminator-checkbox\" title=\"Versicherungsschaden\"><input type=\"checkbox\" name=\"checkbox-3[]\" value=\"ja\" id=\"forminator-field-checkbox-3-3-6a081053191d5\" data-calculation=\"0\"  \/><span class=\"forminator-checkbox-box\" aria-hidden=\"true\"><\/span><span class=\"forminator-checkbox-label\">Versicherungsschaden<\/span><\/label><\/div><\/div><\/div><div class=\"forminator-row\"><div id=\"checkbox-4\" class=\"forminator-col forminator-col-12 \"><div role=\"group\" class=\"forminator-field\" aria-labelledby=\"forminator-checkbox-group-6a08105319216-label\"><h4 id=\"forminator-checkbox-group-6a08105319216-label\" class=\"forminator-label\">Rechnungsadresse<\/h4><label for=\"forminator-field-checkbox-4-1-6a08105319216\" class=\"forminator-checkbox\" title=\"Arbeitsadresse\"><input type=\"checkbox\" name=\"checkbox-4[]\" value=\"ja\" id=\"forminator-field-checkbox-4-1-6a08105319216\" data-calculation=\"0\"  \/><span class=\"forminator-checkbox-box\" aria-hidden=\"true\"><\/span><span class=\"forminator-checkbox-label\">Arbeitsadresse<\/span><\/label><label for=\"forminator-field-checkbox-4-2-6a08105319216\" class=\"forminator-checkbox\" title=\"Andere\"><input type=\"checkbox\" name=\"checkbox-4[]\" value=\"ja\" id=\"forminator-field-checkbox-4-2-6a08105319216\" data-calculation=\"0\"  \/><span class=\"forminator-checkbox-box\" aria-hidden=\"true\"><\/span><span class=\"forminator-checkbox-label\">Andere<\/span><\/label><\/div><\/div><\/div><div class=\"forminator-row\"><div id=\"textarea-2\" class=\"forminator-col forminator-col-12 \"><div class=\"forminator-field\"><label for=\"forminator-field-textarea-2\" class=\"forminator-label\">abweichende Rechnungsadresse<\/label><textarea name=\"textarea-2\" placeholder=\"bitte hier eintragen:\" id=\"forminator-field-textarea-2\" class=\"forminator-textarea\" rows=\"6\" style=\"min-height:140px;\" ><\/textarea><\/div><\/div><\/div><input type=\"hidden\" name=\"referer_url\" value=\"\" \/><div class=\"forminator-row forminator-row-last\"><div class=\"forminator-col\"><div class=\"forminator-field\"><button class=\"forminator-button forminator-button-submit\">Kundendienstanforderung absenden!<\/button><\/div><\/div><\/div><input type=\"hidden\" id=\"forminator_nonce\" name=\"forminator_nonce\" value=\"0d3cadcf4d\" \/><input type=\"hidden\" name=\"_wp_http_referer\" value=\"\/index.php\/wp-json\/wp\/v2\/pages\/134\" \/><input type=\"hidden\" name=\"form_id\" value=\"187\"><input type=\"hidden\" name=\"page_id\" value=\"134\"><input type=\"hidden\" name=\"form_type\" value=\"default\"><input type=\"hidden\" name=\"current_url\" value=\"https:\/\/ffs-bauelemente.com\/wp-json\/wp\/v2\/pages\/134\/\"><input type=\"hidden\" name=\"render_id\" value=\"0\"><input type=\"hidden\" name=\"action\" value=\"forminator_submit_form_custom-forms\"><\/form><\/div>\n                    \n                  <\/div>\n                <\/div>\n              <\/div>\n            <\/div>\n          <\/div>\n        <\/div>\n      <\/div>\n    <\/div>\n  <\/div>\n<\/div>","protected":false},"excerpt":{"rendered":"<p>Kundendienstanforderung Damit Sie sich m\u00f6glichst lange an Ihren Fenstern, Haust\u00fcren und Sonnenschutzelementen erfreuen k\u00f6nnen, empfehlen wir Ihnen, regelm\u00e4\u00dfig unseren Kundendienst in Anspruch zu nehmen. Teilen Sie uns gerne Ihren Wunschtermin mit. Wir freuen uns auf Ihre Anfrage.<\/p>\n","protected":false},"author":1,"featured_media":0,"parent":0,"menu_order":0,"comment_status":"closed","ping_status":"closed","template":"page-templates\/full-width-page.php","meta":[],"_links":{"self":[{"href":"https:\/\/ffs-bauelemente.com\/index.php\/wp-json\/wp\/v2\/pages\/134"}],"collection":[{"href":"https:\/\/ffs-bauelemente.com\/index.php\/wp-json\/wp\/v2\/pages"}],"about":[{"href":"https:\/\/ffs-bauelemente.com\/index.php\/wp-json\/wp\/v2\/types\/page"}],"author":[{"embeddable":true,"href":"https:\/\/ffs-bauelemente.com\/index.php\/wp-json\/wp\/v2\/users\/1"}],"replies":[{"embeddable":true,"href":"https:\/\/ffs-bauelemente.com\/index.php\/wp-json\/wp\/v2\/comments?post=134"}],"version-history":[{"count":14,"href":"https:\/\/ffs-bauelemente.com\/index.php\/wp-json\/wp\/v2\/pages\/134\/revisions"}],"predecessor-version":[{"id":2312,"href":"https:\/\/ffs-bauelemente.com\/index.php\/wp-json\/wp\/v2\/pages\/134\/revisions\/2312"}],"wp:attachment":[{"href":"https:\/\/ffs-bauelemente.com\/index.php\/wp-json\/wp\/v2\/media?parent=134"}],"curies":[{"name":"wp","href":"https:\/\/api.w.org\/{rel}","templated":true}]}}