{"id":131,"date":"2021-03-06T14:10:58","date_gmt":"2021-03-06T14:10:58","guid":{"rendered":"https:\/\/ffs-bauelemente.com\/?page_id=131"},"modified":"2021-03-22T14:42:23","modified_gmt":"2021-03-22T14:42:23","slug":"datenblaetter-pruefberichte","status":"publish","type":"page","link":"https:\/\/ffs-bauelemente.com\/index.php\/datenblaetter-pruefberichte\/","title":{"rendered":"Datenbl\u00e4tter\/Pr\u00fcfberichte"},"content":{"rendered":"<div data-colibri-id=\"131-c1\" class=\"style-1021 style-local-131-c1 position-relative\">\n  <!---->\n  <div data-colibri-component=\"section\" data-colibri-id=\"131-c2\" id=\"custom\" class=\"h-section h-section-global-spacing d-flex align-items-lg-center align-items-md-center align-items-center style-1022 style-local-131-c2 position-relative\">\n    <!---->\n    <!---->\n    <div class=\"h-section-grid-container h-section-boxed-container\">\n      <!---->\n      <div data-colibri-id=\"131-c3\" class=\"h-row-container gutters-row-lg-2 gutters-row-md-2 gutters-row-0 gutters-row-v-lg-2 gutters-row-v-md-2 gutters-row-v-2 style-1023 style-local-131-c3 position-relative\">\n        <!---->\n        <div class=\"h-row justify-content-lg-center justify-content-md-center justify-content-center align-items-lg-stretch align-items-md-stretch align-items-stretch gutters-col-lg-2 gutters-col-md-2 gutters-col-0 gutters-col-v-lg-2 gutters-col-v-md-2 gutters-col-v-2\">\n          <!---->\n          <div class=\"h-column h-column-container d-flex h-col-lg-auto h-col-md-auto h-col-auto style-1024-outer style-local-131-c4-outer\">\n            <div data-colibri-id=\"131-c4\" class=\"d-flex h-flex-basis h-column__inner h-px-lg-2 h-px-md-2 h-px-2 v-inner-lg-2 v-inner-md-2 v-inner-2 style-1024 style-local-131-c4 position-relative\">\n              <!---->\n              <!---->\n              <div class=\"w-100 h-y-container h-column__content h-column__v-align flex-basis-100 align-self-lg-start align-self-md-start align-self-start\">\n                <!---->\n                <div data-colibri-id=\"131-c5\" class=\"h-global-transition-all h-heading style-1027 style-local-131-c5 position-relative h-element\">\n                  <!---->\n                  <div class=\"h-heading__outer style-1027 style-local-131-c5\">\n                    <!---->\n                    <!---->\n                    <h2 class=\"\">Datenbl\u00e4tter \/ Zertifikate<\/h2>\n                  <\/div>\n                <\/div>\n              <\/div>\n            <\/div>\n          <\/div>\n        <\/div>\n      <\/div>\n    <\/div>\n  <\/div>\n  <div data-colibri-component=\"section\" data-colibri-id=\"131-c6\" id=\"custom-2\" class=\"h-section h-section-global-spacing d-flex align-items-lg-center align-items-md-center align-items-center style-1090 style-local-131-c6 position-relative\">\n    <!---->\n    <!---->\n    <div class=\"h-section-grid-container h-section-boxed-container\">\n      <!---->\n      <div data-colibri-id=\"131-c7\" class=\"h-row-container gutters-row-lg-2 gutters-row-md-2 gutters-row-0 gutters-row-v-lg-2 gutters-row-v-md-2 gutters-row-v-2 style-1091 style-local-131-c7 position-relative\">\n        <!---->\n        <div class=\"h-row justify-content-lg-center justify-content-md-center justify-content-center align-items-lg-stretch align-items-md-stretch align-items-stretch gutters-col-lg-2 gutters-col-md-2 gutters-col-0 gutters-col-v-lg-2 gutters-col-v-md-2 gutters-col-v-2\">\n          <!---->\n          <div class=\"h-column h-column-container d-flex h-col-lg-auto h-col-md-auto h-col-auto style-1092-outer style-local-131-c8-outer\">\n            <div data-colibri-id=\"131-c8\" class=\"d-flex h-flex-basis h-column__inner h-px-lg-2 h-px-md-2 h-px-2 v-inner-lg-2 v-inner-md-2 v-inner-2 style-1092 style-local-131-c8 position-relative\">\n              <!---->\n              <!---->\n              <div class=\"w-100 h-y-container h-column__content h-column__v-align flex-basis-100 align-self-lg-start align-self-md-start align-self-start\">\n                <!---->\n                <div data-colibri-id=\"131-c9\" class=\"h-global-transition-all h-heading style-1095 style-local-131-c9 position-relative h-element\">\n                  <!---->\n                  <div class=\"h-heading__outer style-1095 style-local-131-c9\">\n                    <!---->\n                    <!---->\n                    <h5 class=\"\">Dichtb\u00e4nder<\/h5>\n                  <\/div>\n                <\/div>\n                <div data-colibri-id=\"131-c10\" class=\"h-x-container style-1098 style-local-131-c10 position-relative h-element\">\n                  <!---->\n                  <div class=\"h-x-container-inner style-dynamic-131-c10-group style-1098-spacing style-local-131-c10-spacing\"><span class=\"h-link__outer style-1099-outer style-local-131-c11-outer d-inline-flex h-element\"><a h-use-smooth-scroll=\"true\" href=\"https:\/\/ffs-bauelemente.com\/wp-content\/uploads\/2021\/03\/illbruck_TP658_TDS_de_DE_20201023.pdf\"  data-colibri-id=\"131-c11\" class=\"d-flex w-100 align-items-center h-link style-1099 style-local-131-c11 position-relative\"><!----><!----> <span>Illbruck Trioplex Illmod TP658 TDS<\/span><\/a>\n                    <\/span>\n                  <\/div>\n                <\/div>\n                <div data-colibri-id=\"131-c12\" class=\"h-x-container style-1141 style-local-131-c12 position-relative h-element\">\n                  <!---->\n                  <div class=\"h-x-container-inner style-dynamic-131-c12-group style-1141-spacing style-local-131-c12-spacing\"><span class=\"h-link__outer style-1142-outer style-local-131-c13-outer d-inline-flex h-element\"><a h-use-smooth-scroll=\"true\" href=\"https:\/\/ffs-bauelemente.com\/wp-content\/uploads\/2021\/03\/illbruck_TP600_TDS_de_DE_20200806.pdf\"  data-colibri-id=\"131-c13\" class=\"d-flex w-100 align-items-center h-link style-1142 style-local-131-c13 position-relative\"><!----><!----> <span>Illbruck Kompri Illmod TP600 TDS<\/span><\/a>\n                    <\/span>\n                  <\/div>\n                <\/div>\n                <div data-colibri-id=\"131-c14\" class=\"h-x-container style-1137 style-local-131-c14 position-relative h-element\">\n                  <!---->\n                  <div class=\"h-x-container-inner style-dynamic-131-c14-group style-1137-spacing style-local-131-c14-spacing\"><span class=\"h-link__outer style-1138-outer style-local-131-c15-outer d-inline-flex h-element\"><a h-use-smooth-scroll=\"true\" href=\"https:\/\/ffs-bauelemente.com\/wp-content\/uploads\/2021\/03\/TM_HannoDUOEasy240_210129_DE_ol.pdf\"  data-colibri-id=\"131-c15\" class=\"d-flex w-100 align-items-center h-link style-1138 style-local-131-c15 position-relative\"><!----><!----> <span>Hanno Folienband DUO EASY 240<\/span><\/a>\n                    <\/span>\n                  <\/div>\n                <\/div>\n                <div data-colibri-id=\"131-c16\" class=\"h-x-container style-1139 style-local-131-c16 position-relative h-element\">\n                  <!---->\n                  <div class=\"h-x-container-inner style-dynamic-131-c16-group style-1139-spacing style-local-131-c16-spacing\"><span class=\"h-link__outer style-1140-outer style-local-131-c17-outer d-inline-flex h-element\"><a h-use-smooth-scroll=\"true\" href=\"https:\/\/ffs-bauelemente.com\/wp-content\/uploads\/2021\/03\/TM_FB-EPDM_210129_DE_ol.pdf\"  data-colibri-id=\"131-c17\" class=\"d-flex w-100 align-items-center h-link style-1140 style-local-131-c17 position-relative\"><!----><!----> <span>Hanno Folienband EPDM aussen<\/span><\/a>\n                    <\/span>\n                  <\/div>\n                <\/div>\n              <\/div>\n            <\/div>\n          <\/div>\n          <div class=\"h-column h-column-container d-flex h-col-lg-auto h-col-md-auto h-col-auto style-1093-outer style-local-131-c18-outer\">\n            <div data-colibri-id=\"131-c18\" class=\"d-flex h-flex-basis h-column__inner h-px-lg-2 h-px-md-2 h-px-2 v-inner-lg-2 v-inner-md-2 v-inner-2 style-1093 style-local-131-c18 position-relative\">\n              <!---->\n              <!---->\n              <div class=\"w-100 h-y-container h-column__content h-column__v-align flex-basis-100 align-self-lg-start align-self-md-start align-self-start\">\n                <!---->\n                <div data-colibri-id=\"131-c19\" class=\"h-global-transition-all h-heading style-1096 style-local-131-c19 position-relative h-element\">\n                  <!---->\n                  <div class=\"h-heading__outer style-1096 style-local-131-c19\">\n                    <!---->\n                    <!---->\n                    <h5 class=\"\">Dichtstoffe \/ Kleber<\/h5>\n                  <\/div>\n                <\/div>\n                <div data-colibri-id=\"131-c20\" class=\"h-x-container style-1143 style-local-131-c20 position-relative h-element\">\n                  <!---->\n                  <div class=\"h-x-container-inner style-dynamic-131-c20-group style-1143-spacing style-local-131-c20-spacing\"><span class=\"h-link__outer style-1144-outer style-local-131-c21-outer d-inline-flex h-element\"><a h-use-smooth-scroll=\"true\" href=\"https:\/\/ffs-bauelemente.com\/wp-content\/uploads\/2021\/03\/strukturdicht_info_de.pdf\"  data-colibri-id=\"131-c21\" class=\"d-flex w-100 align-items-center h-link style-1144 style-local-131-c21 position-relative\"><!----><!----> <span>beko Strukturdicht<\/span><\/a>\n                    <\/span>\n                  <\/div>\n                <\/div>\n                <div data-colibri-id=\"131-c22\" class=\"h-x-container style-1149 style-local-131-c22 position-relative h-element\">\n                  <!---->\n                  <div class=\"h-x-container-inner style-dynamic-131-c22-group style-1149-spacing style-local-131-c22-spacing\"><span class=\"h-link__outer style-1150-outer style-local-131-c23-outer d-inline-flex h-element\"><a h-use-smooth-scroll=\"true\" href=\"https:\/\/ffs-bauelemente.com\/wp-content\/uploads\/2021\/03\/acryl_dichtstoff_info_de.pdf\"  data-colibri-id=\"131-c23\" class=\"d-flex w-100 align-items-center h-link style-1150 style-local-131-c23 position-relative\"><!----><!----> <span>beko Acryldichtstoff<\/span><\/a>\n                    <\/span>\n                  <\/div>\n                <\/div>\n                <div data-colibri-id=\"131-c24\" class=\"h-x-container style-1147 style-local-131-c24 position-relative h-element\">\n                  <!---->\n                  <div class=\"h-x-container-inner style-dynamic-131-c24-group style-1147-spacing style-local-131-c24-spacing\"><span class=\"h-link__outer style-1148-outer style-local-131-c25-outer d-inline-flex h-element\"><a h-use-smooth-scroll=\"true\" href=\"https:\/\/ffs-bauelemente.com\/wp-content\/uploads\/2021\/03\/silicon_pro4_info_de.pdf\"  data-colibri-id=\"131-c25\" class=\"d-flex w-100 align-items-center h-link style-1148 style-local-131-c25 position-relative\"><!----><!----> <span>beko Silikon Pro4<\/span><\/a>\n                    <\/span>\n                  <\/div>\n                <\/div>\n                <div data-colibri-id=\"131-c26\" class=\"h-x-container style-1145 style-local-131-c26 position-relative h-element\">\n                  <!---->\n                  <div class=\"h-x-container-inner style-dynamic-131-c26-group style-1145-spacing style-local-131-c26-spacing\"><span class=\"h-link__outer style-1146-outer style-local-131-c27-outer d-inline-flex h-element\"><a h-use-smooth-scroll=\"true\" href=\"https:\/\/ffs-bauelemente.com\/wp-content\/uploads\/2021\/03\/illbruck_OT015_TDS_de_DE_20200807.pdf\"  data-colibri-id=\"131-c27\" class=\"d-flex w-100 align-items-center h-link style-1146 style-local-131-c27 position-relative\"><!----><!----> <span>Illbruck OT 015 EPDM &#8211; Folienkleber<\/span><\/a>\n                    <\/span>\n                  <\/div>\n                <\/div>\n                <div data-colibri-id=\"131-c28\" class=\"h-x-container style-1100 style-local-131-c28 position-relative h-element\">\n                  <!---->\n                  <div class=\"h-x-container-inner style-dynamic-131-c28-group style-1100-spacing style-local-131-c28-spacing\"><span class=\"h-link__outer style-1101-outer style-local-131-c29-outer d-inline-flex h-element\"><a h-use-smooth-scroll=\"true\" href=\"https:\/\/ffs-bauelemente.com\/wp-content\/uploads\/2021\/03\/tds-OTTOSEAL-M-360-70de.pdf\"  data-colibri-id=\"131-c29\" class=\"d-flex w-100 align-items-center h-link style-1101 style-local-131-c29 position-relative\"><!----><!----> <span>OTTOSEAL Hybrid-Polymer-Dichtstoff M360<\/span><\/a>\n                    <\/span>\n                  <\/div>\n                <\/div>\n                <div data-colibri-id=\"131-c30\" class=\"h-x-container style-1155 style-local-131-c30 position-relative h-element\">\n                  <!---->\n                  <div class=\"h-x-container-inner style-dynamic-131-c30-group style-1155-spacing style-local-131-c30-spacing\"><span class=\"h-link__outer style-1156-outer style-local-131-c31-outer d-inline-flex h-element\"><a h-use-smooth-scroll=\"true\" href=\"https:\/\/ffs-bauelemente.com\/wp-content\/uploads\/2021\/03\/m-360-pb-ift-mo-01-18-002553-pr02-pb-2-e03-020310-de-02-190705.pdf\"  data-colibri-id=\"131-c31\" class=\"d-flex w-100 align-items-center h-link style-1156 style-local-131-c31 position-relative\"><!----><!----> <span>ift-Pr\u00fcfbericht OTTOSEAL M360<\/span><\/a>\n                    <\/span>\n                  <\/div>\n                <\/div>\n              <\/div>\n            <\/div>\n          <\/div>\n          <div class=\"h-column h-column-container d-flex h-col-lg-auto h-col-md-auto h-col-auto style-1094-outer style-local-131-c32-outer\">\n            <div data-colibri-id=\"131-c32\" class=\"d-flex h-flex-basis h-column__inner h-px-lg-2 h-px-md-2 h-px-2 v-inner-lg-2 v-inner-md-2 v-inner-2 style-1094 style-local-131-c32 position-relative\">\n              <!---->\n              <!---->\n              <div class=\"w-100 h-y-container h-column__content h-column__v-align flex-basis-100 align-self-lg-start align-self-md-start align-self-start\">\n                <!---->\n                <div data-colibri-id=\"131-c33\" class=\"h-global-transition-all h-heading style-1097 style-local-131-c33 position-relative h-element\">\n                  <!---->\n                  <div class=\"h-heading__outer style-1097 style-local-131-c33\">\n                    <!---->\n                    <!---->\n                    <h5 class=\"\">Befestigungstechnik<\/h5>\n                  <\/div>\n                <\/div>\n                <div data-colibri-id=\"131-c34\" class=\"h-x-container style-1153 style-local-131-c34 position-relative h-element\">\n                  <!---->\n                  <div class=\"h-x-container-inner style-dynamic-131-c34-group style-1153-spacing style-local-131-c34-spacing\"><span class=\"h-link__outer style-1154-outer style-local-131-c35-outer d-inline-flex h-element\"><a h-use-smooth-scroll=\"true\" href=\"https:\/\/ffs-bauelemente.com\/wp-content\/uploads\/2021\/03\/allgemeine-bauaufsichtliche_zulassung-abz-z-21.1-2097-abstandsmontageschraube-amo-y.pdf\"  data-colibri-id=\"131-c35\" class=\"d-flex w-100 align-items-center h-link style-1154 style-local-131-c35 position-relative\"><!----><!----> <span>W\u00fcrth AMO-Schrauben Bauaufsichtliche Zulassung<\/span><\/a>\n                    <\/span>\n                  <\/div>\n                <\/div>\n                <div data-colibri-id=\"131-c36\" class=\"h-x-container style-1102 style-local-131-c36 position-relative h-element\">\n                  <!---->\n                  <div class=\"h-x-container-inner style-dynamic-131-c36-group style-1102-spacing style-local-131-c36-spacing\"><span class=\"h-link__outer style-1103-outer style-local-131-c37-outer d-inline-flex h-element\"><a h-use-smooth-scroll=\"true\" href=\"https:\/\/ffs-bauelemente.com\/wp-content\/uploads\/2021\/03\/zertifikat-baukoerperanschlusssysteme-abstandsmontageschrauben-amo-y.pdf\"  data-colibri-id=\"131-c37\" class=\"d-flex w-100 align-items-center h-link style-1103 style-local-131-c37 position-relative\"><!----><!----> <span>W\u00fcrth AMO-Schrauben  ift-Zertifikat<\/span><\/a>\n                    <\/span>\n                  <\/div>\n                <\/div>\n                <div data-colibri-id=\"131-c38\" class=\"h-x-container style-1157 style-local-131-c38 position-relative h-element\">\n                  <!---->\n                  <div class=\"h-x-container-inner style-dynamic-131-c38-group style-1157-spacing style-local-131-c38-spacing\"><span class=\"h-link__outer style-1158-outer style-local-131-c39-outer d-inline-flex h-element\"><a h-use-smooth-scroll=\"true\" href=\"https:\/\/ffs-bauelemente.com\/wp-content\/uploads\/2021\/03\/16-003904-PR01-PB-A01-05-de-02.pdf\"  data-colibri-id=\"131-c39\" class=\"d-flex w-100 align-items-center h-link style-1158 style-local-131-c39 position-relative\"><!----><!----> <span>Dresselhaus Rahmenbefestigungsschrauben ift-Zertifikat Einbruchshemmung<\/span><\/a>\n                    <\/span>\n                  <\/div>\n                <\/div>\n              <\/div>\n            <\/div>\n          <\/div>\n        <\/div>\n      <\/div>\n    <\/div>\n  <\/div>\n<\/div>","protected":false},"excerpt":{"rendered":"<p>Datenbl\u00e4tter \/ Zertifikate Dichtb\u00e4nder Illbruck Trioplex Illmod TP658 TDS Illbruck Kompri Illmod TP600 TDS Hanno Folienband DUO EASY 240 Hanno Folienband EPDM aussen Dichtstoffe \/ Kleber beko Strukturdicht beko Acryldichtstoff beko Silikon Pro4 Illbruck OT 015 EPDM &#8211; Folienkleber OTTOSEAL Hybrid-Polymer-Dichtstoff M360 ift-Pr\u00fcfbericht OTTOSEAL M360 Befestigungstechnik W\u00fcrth AMO-Schrauben Bauaufsichtliche Zulassung W\u00fcrth AMO-Schrauben ift-Zertifikat Dresselhaus Rahmenbefestigungsschrauben [&hellip;]<\/p>\n","protected":false},"author":1,"featured_media":0,"parent":0,"menu_order":0,"comment_status":"closed","ping_status":"closed","template":"page-templates\/full-width-page.php","meta":[],"_links":{"self":[{"href":"https:\/\/ffs-bauelemente.com\/index.php\/wp-json\/wp\/v2\/pages\/131"}],"collection":[{"href":"https:\/\/ffs-bauelemente.com\/index.php\/wp-json\/wp\/v2\/pages"}],"about":[{"href":"https:\/\/ffs-bauelemente.com\/index.php\/wp-json\/wp\/v2\/types\/page"}],"author":[{"embeddable":true,"href":"https:\/\/ffs-bauelemente.com\/index.php\/wp-json\/wp\/v2\/users\/1"}],"replies":[{"embeddable":true,"href":"https:\/\/ffs-bauelemente.com\/index.php\/wp-json\/wp\/v2\/comments?post=131"}],"version-history":[{"count":20,"href":"https:\/\/ffs-bauelemente.com\/index.php\/wp-json\/wp\/v2\/pages\/131\/revisions"}],"predecessor-version":[{"id":1708,"href":"https:\/\/ffs-bauelemente.com\/index.php\/wp-json\/wp\/v2\/pages\/131\/revisions\/1708"}],"wp:attachment":[{"href":"https:\/\/ffs-bauelemente.com\/index.php\/wp-json\/wp\/v2\/media?parent=131"}],"curies":[{"name":"wp","href":"https:\/\/api.w.org\/{rel}","templated":true}]}}