{"id":129,"date":"2021-03-06T14:10:58","date_gmt":"2021-03-06T14:10:58","guid":{"rendered":"https:\/\/ffs-bauelemente.com\/?page_id=129"},"modified":"2021-05-02T12:01:01","modified_gmt":"2021-05-02T12:01:01","slug":"sonnenschutz","status":"publish","type":"page","link":"https:\/\/ffs-bauelemente.com\/index.php\/sonnenschutz\/","title":{"rendered":"Sonnenschutz"},"content":{"rendered":"<div data-colibri-id=\"129-c1\" class=\"style-888 style-local-129-c1 position-relative\">\n  <!---->\n  <div data-colibri-component=\"section\" data-colibri-id=\"129-c2\" id=\"custom\" class=\"h-section h-section-global-spacing d-flex align-items-lg-center align-items-md-center align-items-center style-898 style-local-129-c2 position-relative\">\n    <!---->\n    <!---->\n    <div class=\"h-section-grid-container h-section-boxed-container\">\n      <!---->\n      <div data-colibri-id=\"129-c3\" class=\"h-row-container gutters-row-lg-2 gutters-row-md-2 gutters-row-0 gutters-row-v-lg-2 gutters-row-v-md-2 gutters-row-v-2 style-899 style-local-129-c3 position-relative\">\n        <!---->\n        <div class=\"h-row justify-content-lg-center justify-content-md-center justify-content-center align-items-lg-stretch align-items-md-stretch align-items-stretch gutters-col-lg-2 gutters-col-md-2 gutters-col-0 gutters-col-v-lg-2 gutters-col-v-md-2 gutters-col-v-2\">\n          <!---->\n          <div class=\"h-column h-column-container d-flex h-col-lg-auto h-col-md-auto h-col-auto style-900-outer style-local-129-c4-outer\">\n            <div data-colibri-id=\"129-c4\" class=\"d-flex h-flex-basis h-column__inner h-px-lg-2 h-px-md-2 h-px-2 v-inner-lg-2 v-inner-md-2 v-inner-2 style-900 style-local-129-c4 position-relative\">\n              <!---->\n              <!---->\n              <div class=\"w-100 h-y-container h-column__content h-column__v-align flex-basis-100 align-self-lg-start align-self-md-start align-self-start\">\n                <!---->\n                <div data-colibri-id=\"129-c5\" class=\"h-global-transition-all h-heading style-910 style-local-129-c5 position-relative h-element\">\n                  <!---->\n                  <div class=\"h-heading__outer style-910 style-local-129-c5\">\n                    <!---->\n                    <!---->\n                    <h1 class=\"\">Sonnenschutz<\/h1>\n                  <\/div>\n                <\/div>\n              <\/div>\n            <\/div>\n          <\/div>\n        <\/div>\n      <\/div>\n    <\/div>\n  <\/div>\n  <div data-colibri-component=\"section\" data-colibri-id=\"129-c6\" id=\"content\" class=\"h-section h-section-global-spacing d-flex align-items-lg-center align-items-md-center align-items-center style-901 style-local-129-c6 position-relative\">\n    <!---->\n    <!---->\n    <div class=\"h-section-grid-container h-section-boxed-container\">\n      <!---->\n      <div data-colibri-id=\"129-c7\" class=\"h-row-container gutters-row-lg-2 gutters-row-md-2 gutters-row-0 gutters-row-v-lg-2 gutters-row-v-md-2 gutters-row-v-2 style-924 style-local-129-c7 position-relative\">\n        <!---->\n        <div class=\"h-row justify-content-lg-center justify-content-md-center justify-content-center align-items-lg-stretch align-items-md-stretch align-items-stretch gutters-col-lg-2 gutters-col-md-2 gutters-col-0 gutters-col-v-lg-2 gutters-col-v-md-2 gutters-col-v-2\">\n          <!---->\n          <div class=\"h-column h-column-container d-flex h-col-lg-auto h-col-md-auto h-col-auto style-925-outer style-local-129-c8-outer\">\n            <div data-colibri-id=\"129-c8\" class=\"d-flex h-flex-basis h-column__inner h-px-lg-2 h-px-md-2 h-px-2 v-inner-lg-2 v-inner-md-2 v-inner-2 style-925 style-local-129-c8 position-relative\">\n              <!---->\n              <!---->\n              <div class=\"w-100 h-y-container h-column__content h-column__v-align flex-basis-100 align-self-lg-start align-self-md-start align-self-start\">\n                <!---->\n                <div data-colibri-id=\"129-c9\" class=\"d-block style-927 style-local-129-c9 position-relative h-element\">\n                  <!---->\n                  <div class=\"h-image__frame-container-outer\">\n                    <div class=\"h-image__frame-container\">\n                      <!---->\n                      <!---->\n                      <img loading=\"lazy\" width=\"275\" height=\"183\" src=\"https:\/\/ffs-bauelemente.com\/wp-content\/uploads\/2021\/03\/cropped-images.jpeg-1.jpg\" class=\"wp-image-1033 style-927-image style-local-129-c9-image\" alt=\"\" \/>\n                      <div class=\"h-image__frame h-hide-lg h-hide-md h-hide-sm style-927-frameImage style-local-129-c9-frameImage\"><\/div>\n                    <\/div>\n                  <\/div>\n                <\/div>\n              <\/div>\n            <\/div>\n          <\/div>\n          <div class=\"h-column h-column-container d-flex h-col-lg-auto h-col-md-auto h-col-auto style-928-outer style-local-129-c10-outer\">\n            <div data-colibri-id=\"129-c10\" class=\"d-flex h-flex-basis h-column__inner h-px-lg-2 h-px-md-2 h-px-2 v-inner-lg-2 v-inner-md-2 v-inner-2 style-928 style-local-129-c10 position-relative\">\n              <!---->\n              <!---->\n              <div class=\"w-100 h-y-container h-column__content h-column__v-align flex-basis-100 align-self-lg-center align-self-md-center align-self-center\">\n                <!---->\n                <div data-colibri-id=\"129-c11\" class=\"h-global-transition-all h-heading style-906 style-local-129-c11 position-relative h-element\">\n                  <!---->\n                  <div class=\"h-heading__outer style-906 style-local-129-c11\">\n                    <!---->\n                    <!---->\n                    <h2 class=\"\">We design shadows<\/h2>\n                  <\/div>\n                <\/div>\n                <div data-colibri-id=\"129-c12\" class=\"h-text h-text-component style-929 style-local-129-c12 position-relative h-element\">\n                  <!---->\n                  <!---->\n                  <div class=\"\">\n                    <p>Wenn innovatives Engineering und h\u00f6chster Anspruch perfekte L\u00f6sungen gestalten<\/p>\n                  <\/div>\n                <\/div>\n              <\/div>\n            <\/div>\n          <\/div>\n        <\/div>\n      <\/div>\n      <div data-colibri-id=\"129-c13\" class=\"h-row-container gutters-row-lg-2 gutters-row-md-2 gutters-row-2 gutters-row-v-lg-2 gutters-row-v-md-2 gutters-row-v-2 style-902 style-local-129-c13 position-relative\">\n        <!---->\n        <div class=\"h-row justify-content-lg-center justify-content-md-center justify-content-center align-items-lg-stretch align-items-md-stretch align-items-stretch gutters-col-lg-2 gutters-col-md-2 gutters-col-2 gutters-col-v-lg-2 gutters-col-v-md-2 gutters-col-v-2\">\n          <!---->\n          <div class=\"h-column h-column-container d-flex h-col-lg-auto h-col-md-auto h-col-auto style-903-outer style-local-129-c14-outer\">\n            <div data-colibri-id=\"129-c14\" class=\"d-flex h-flex-basis h-column__inner h-px-lg-0 h-px-md-2 h-px-0 v-inner-lg-0 v-inner-md-2 v-inner-0 style-903 style-local-129-c14 position-relative\">\n              <!---->\n              <!---->\n              <div class=\"w-100 h-y-container h-column__content h-column__v-align flex-basis-100 align-self-lg-center align-self-md-center align-self-center\">\n                <!---->\n                <div data-colibri-id=\"129-c15\" class=\"d-block style-904 style-local-129-c15 position-relative h-element\">\n                  <!---->\n                  <div class=\"h-image__frame-container-outer\">\n                    <div class=\"h-image__frame-container\">\n                      <!---->\n                      <!---->\n                      <img loading=\"lazy\" width=\"1920\" height=\"1080\" src=\"https:\/\/ffs-bauelemente.com\/wp-content\/uploads\/2021\/03\/cropped-3863-w-arb80-p-rx00012-001-1.png\" class=\"wp-image-983 style-904-image style-local-129-c15-image\" srcset=\"https:\/\/ffs-bauelemente.com\/wp-content\/uploads\/2021\/03\/cropped-3863-w-arb80-p-rx00012-001-1.png 1920w, https:\/\/ffs-bauelemente.com\/wp-content\/uploads\/2021\/03\/cropped-3863-w-arb80-p-rx00012-001-1-300x169.png 300w, https:\/\/ffs-bauelemente.com\/wp-content\/uploads\/2021\/03\/cropped-3863-w-arb80-p-rx00012-001-1-1024x576.png 1024w, https:\/\/ffs-bauelemente.com\/wp-content\/uploads\/2021\/03\/cropped-3863-w-arb80-p-rx00012-001-1-768x432.png 768w, https:\/\/ffs-bauelemente.com\/wp-content\/uploads\/2021\/03\/cropped-3863-w-arb80-p-rx00012-001-1-1536x864.png 1536w\" sizes=\"(max-width: 1920px) 100vw, 1920px\" alt=\"\" \/>\n                      <div class=\"h-image__frame h-hide-sm style-904-frameImage style-local-129-c15-frameImage\"><\/div>\n                    <\/div>\n                  <\/div>\n                <\/div>\n              <\/div>\n            <\/div>\n          <\/div>\n          <div class=\"h-column h-column-container d-flex h-col-lg-auto h-col-md-auto h-col-auto style-905-outer style-local-129-c16-outer\">\n            <div data-colibri-id=\"129-c16\" class=\"d-flex h-flex-basis h-column__inner h-px-lg-0 h-px-md-0 h-px-2 v-inner-lg-0 v-inner-md-0 v-inner-2 style-905 style-local-129-c16 position-relative\">\n              <!---->\n              <!---->\n              <div class=\"w-100 h-y-container h-column__content h-column__v-align flex-basis-100 align-self-lg-center align-self-md-center align-self-center\">\n                <!---->\n                <div data-colibri-id=\"129-c17\" class=\"h-global-transition-all h-heading style-911 style-local-129-c17 position-relative h-element\">\n                  <!---->\n                  <div class=\"h-heading__outer style-911 style-local-129-c17\">\n                    <!---->\n                    <!---->\n                    <h5 class=\"\">Klicken Sie auf unten aufgef\u00fchrte Links f\u00fcr mehr Infos!<\/h5>\n                  <\/div>\n                <\/div>\n                <div data-colibri-id=\"129-c18\" class=\"h-x-container style-916 style-local-129-c18 position-relative h-element\">\n                  <!---->\n                  <div class=\"h-x-container-inner style-dynamic-129-c18-group style-916-spacing style-local-129-c18-spacing\"><span class=\"h-link__outer style-917-outer style-local-129-c19-outer d-inline-flex h-element\"><a h-use-smooth-scroll=\"true\" href=\"https:\/\/ffs-bauelemente.com\/wp-content\/uploads\/2021\/03\/Rolllaeden.pdf\"  data-colibri-id=\"129-c19\" class=\"d-flex w-100 align-items-center h-link style-917 style-local-129-c19 position-relative\"><!----><!----> <span>Rollladen<\/span><\/a>\n                    <\/span>\n                  <\/div>\n                <\/div>\n                <div data-colibri-id=\"129-c20\" class=\"h-x-container style-918 style-local-129-c20 position-relative h-element\">\n                  <!---->\n                  <div class=\"h-x-container-inner style-dynamic-129-c20-group style-918-spacing style-local-129-c20-spacing\"><span class=\"h-link__outer style-919-outer style-local-129-c21-outer d-inline-flex h-element\"><a h-use-smooth-scroll=\"true\" href=\"https:\/\/ffs-bauelemente.com\/wp-content\/uploads\/2021\/03\/Aufsatzelemente.pdf\"  data-colibri-id=\"129-c21\" class=\"d-flex w-100 align-items-center h-link style-919 style-local-129-c21 position-relative\"><!----><!----> <span>Aufsatzelemente<\/span><\/a>\n                    <\/span>\n                  <\/div>\n                <\/div>\n                <div data-colibri-id=\"129-c22\" class=\"h-x-container style-914 style-local-129-c22 position-relative h-element\">\n                  <!---->\n                  <div class=\"h-x-container-inner style-dynamic-129-c22-group style-914-spacing style-local-129-c22-spacing\"><span class=\"h-link__outer style-915-outer style-local-129-c23-outer d-inline-flex h-element\"><a h-use-smooth-scroll=\"true\" href=\"https:\/\/ffs-bauelemente.com\/wp-content\/uploads\/2021\/03\/Raffstores-Jalousien.pdf\"  data-colibri-id=\"129-c23\" class=\"d-flex w-100 align-items-center h-link style-915 style-local-129-c23 position-relative\"><!----><!----> <span>Raffstores &amp; Jalousien<\/span><\/a>\n                    <\/span>\n                  <\/div>\n                <\/div>\n                <div data-colibri-id=\"129-c24\" class=\"h-x-container style-912 style-local-129-c24 position-relative h-element\">\n                  <!---->\n                  <div class=\"h-x-container-inner style-dynamic-129-c24-group style-912-spacing style-local-129-c24-spacing\"><span class=\"h-link__outer style-913-outer style-local-129-c25-outer d-inline-flex h-element\"><a h-use-smooth-scroll=\"true\" href=\"https:\/\/ffs-bauelemente.com\/wp-content\/uploads\/2021\/03\/Kastensysteme.pdf\"  data-colibri-id=\"129-c25\" class=\"d-flex w-100 align-items-center h-link style-913 style-local-129-c25 position-relative\"><!----><!----> <span>Kastensysteme<\/span><\/a>\n                    <\/span>\n                  <\/div>\n                <\/div>\n                <div data-colibri-id=\"129-c26\" class=\"h-x-container style-920 style-local-129-c26 position-relative h-element\">\n                  <!---->\n                  <div class=\"h-x-container-inner style-dynamic-129-c26-group style-920-spacing style-local-129-c26-spacing\"><span class=\"h-link__outer style-921-outer style-local-129-c27-outer d-inline-flex h-element\"><a h-use-smooth-scroll=\"true\" href=\"https:\/\/ffs-bauelemente.com\/wp-content\/uploads\/2021\/03\/ONYX-Steuerungen.pdf\"  data-colibri-id=\"129-c27\" class=\"d-flex w-100 align-items-center h-link style-921 style-local-129-c27 position-relative\"><!----><!----> <span>ONYX-Steuerungen<\/span><\/a>\n                    <\/span>\n                  <\/div>\n                <\/div>\n                <div data-colibri-id=\"129-c28\" class=\"h-x-container style-922 style-local-129-c28 position-relative h-element\">\n                  <!---->\n                  <div class=\"h-x-container-inner style-dynamic-129-c28-group style-922-spacing style-local-129-c28-spacing\"><span class=\"h-link__outer style-923-outer style-local-129-c29-outer d-inline-flex h-element\"><a h-use-smooth-scroll=\"true\" href=\"https:\/\/ffs-bauelemente.com\/wp-content\/uploads\/2021\/03\/HELLA-Farbwelten.pdf\"  data-colibri-id=\"129-c29\" class=\"d-flex w-100 align-items-center h-link style-923 style-local-129-c29 position-relative\"><!----><!----> <span>HELLA Farbwelten<\/span><\/a>\n                    <\/span>\n                  <\/div>\n                <\/div>\n              <\/div>\n            <\/div>\n          <\/div>\n        <\/div>\n      <\/div>\n    <\/div>\n  <\/div>\n<\/div>","protected":false},"excerpt":{"rendered":"<p>Sonnenschutz We design shadows Wenn innovatives Engineering und h\u00f6chster Anspruch perfekte L\u00f6sungen gestalten Klicken Sie auf unten aufgef\u00fchrte Links f\u00fcr mehr Infos! Rollladen Aufsatzelemente Raffstores &amp; Jalousien Kastensysteme ONYX-Steuerungen HELLA Farbwelten<\/p>\n","protected":false},"author":1,"featured_media":0,"parent":0,"menu_order":0,"comment_status":"closed","ping_status":"closed","template":"page-templates\/full-width-page.php","meta":[],"_links":{"self":[{"href":"https:\/\/ffs-bauelemente.com\/index.php\/wp-json\/wp\/v2\/pages\/129"}],"collection":[{"href":"https:\/\/ffs-bauelemente.com\/index.php\/wp-json\/wp\/v2\/pages"}],"about":[{"href":"https:\/\/ffs-bauelemente.com\/index.php\/wp-json\/wp\/v2\/types\/page"}],"author":[{"embeddable":true,"href":"https:\/\/ffs-bauelemente.com\/index.php\/wp-json\/wp\/v2\/users\/1"}],"replies":[{"embeddable":true,"href":"https:\/\/ffs-bauelemente.com\/index.php\/wp-json\/wp\/v2\/comments?post=129"}],"version-history":[{"count":15,"href":"https:\/\/ffs-bauelemente.com\/index.php\/wp-json\/wp\/v2\/pages\/129\/revisions"}],"predecessor-version":[{"id":2284,"href":"https:\/\/ffs-bauelemente.com\/index.php\/wp-json\/wp\/v2\/pages\/129\/revisions\/2284"}],"wp:attachment":[{"href":"https:\/\/ffs-bauelemente.com\/index.php\/wp-json\/wp\/v2\/media?parent=129"}],"curies":[{"name":"wp","href":"https:\/\/api.w.org\/{rel}","templated":true}]}}