{"id":128,"date":"2021-03-06T14:10:58","date_gmt":"2021-03-06T14:10:58","guid":{"rendered":"https:\/\/ffs-bauelemente.com\/?page_id=128"},"modified":"2021-03-22T14:58:18","modified_gmt":"2021-03-22T14:58:18","slug":"haustueren","status":"publish","type":"page","link":"https:\/\/ffs-bauelemente.com\/index.php\/haustueren\/","title":{"rendered":"Haust\u00fcren"},"content":{"rendered":"<div data-colibri-id=\"128-c1\" class=\"style-835 style-local-128-c1 position-relative\">\n  <!---->\n  <div data-colibri-component=\"section\" data-colibri-id=\"128-c2\" id=\"custom\" class=\"h-section h-section-global-spacing d-flex align-items-lg-center align-items-md-center align-items-center style-836 style-local-128-c2 position-relative\">\n    <!---->\n    <!---->\n    <div class=\"h-section-grid-container h-section-boxed-container\">\n      <!---->\n      <div data-colibri-id=\"128-c3\" class=\"h-row-container gutters-row-lg-2 gutters-row-md-2 gutters-row-0 gutters-row-v-lg-2 gutters-row-v-md-2 gutters-row-v-2 style-837 style-local-128-c3 position-relative\">\n        <!---->\n        <div class=\"h-row justify-content-lg-center justify-content-md-center justify-content-center align-items-lg-stretch align-items-md-stretch align-items-stretch gutters-col-lg-2 gutters-col-md-2 gutters-col-0 gutters-col-v-lg-2 gutters-col-v-md-2 gutters-col-v-2\">\n          <!---->\n          <div class=\"h-column h-column-container d-flex h-col-lg-auto h-col-md-auto h-col-auto style-838-outer style-local-128-c4-outer\">\n            <div data-colibri-id=\"128-c4\" class=\"d-flex h-flex-basis h-column__inner h-px-lg-2 h-px-md-2 h-px-2 v-inner-lg-2 v-inner-md-2 v-inner-2 style-838 style-local-128-c4 position-relative\">\n              <!---->\n              <!---->\n              <div class=\"w-100 h-y-container h-column__content h-column__v-align flex-basis-100 align-self-lg-start align-self-md-start align-self-start\">\n                <!---->\n                <div data-colibri-id=\"128-c5\" class=\"h-global-transition-all h-heading style-849 style-local-128-c5 position-relative h-element\">\n                  <!---->\n                  <div class=\"h-heading__outer style-849 style-local-128-c5\">\n                    <!---->\n                    <!---->\n                    <h1 class=\"\">Haust\u00fcren<\/h1>\n                  <\/div>\n                <\/div>\n              <\/div>\n            <\/div>\n          <\/div>\n        <\/div>\n      <\/div>\n    <\/div>\n  <\/div>\n  <div data-colibri-component=\"section\" data-colibri-id=\"128-c6\" id=\"about\" class=\"h-section h-section-global-spacing d-flex align-items-lg-center align-items-md-center align-items-center style-839 style-local-128-c6 position-relative\">\n    <!---->\n    <!---->\n    <div class=\"h-section-grid-container h-section-boxed-container\">\n      <!---->\n      <div data-colibri-id=\"128-c7\" class=\"h-row-container gutters-row-lg-0 gutters-row-md-0 gutters-row-0 gutters-row-v-lg-0 gutters-row-v-md-0 gutters-row-v-0 style-850 style-local-128-c7 position-relative\">\n        <!---->\n        <div class=\"h-row justify-content-lg-center justify-content-md-center justify-content-center align-items-lg-stretch align-items-md-stretch align-items-stretch gutters-col-lg-0 gutters-col-md-0 gutters-col-0 gutters-col-v-lg-0 gutters-col-v-md-0 gutters-col-v-0\">\n          <!---->\n          <div class=\"h-column h-column-container d-flex h-col-lg-auto h-col-md-auto h-col-auto style-930-outer style-local-128-c8-outer\">\n            <div data-colibri-id=\"128-c8\" class=\"d-flex h-flex-basis h-column__inner h-ui-empty-state-container h-px-lg-0 h-px-md-0 h-px-0 v-inner-lg-0 v-inner-md-0 v-inner-0 style-930 style-local-128-c8 position-relative\">\n              <!---->\n              <!---->\n              <div class=\"w-100 h-y-container h-column__content h-column__v-align flex-basis-100\">\n                <!---->\n              <\/div>\n            <\/div>\n          <\/div>\n          <div class=\"h-column h-column-container d-flex h-col-lg-auto h-col-md-auto h-col-auto style-851-outer style-local-128-c10-outer\">\n            <div data-colibri-id=\"128-c10\" class=\"d-flex h-flex-basis h-column__inner h-px-lg-0 h-px-md-0 h-px-0 v-inner-lg-0 v-inner-md-0 v-inner-0 style-851 style-local-128-c10 position-relative\">\n              <!---->\n              <!---->\n              <div class=\"w-100 h-y-container h-column__content h-column__v-align flex-basis-100 align-self-lg-center align-self-md-center align-self-center\">\n                <!---->\n                <div data-colibri-id=\"128-c11\" class=\"h-global-transition-all h-heading style-853 style-local-128-c11 position-relative h-element\">\n                  <!---->\n                  <div class=\"h-heading__outer style-853 style-local-128-c11\">\n                    <!---->\n                    <!---->\n                    <h2 class=\"\">&#8222;Meine Leidenschaft, Ihre Haust\u00fcren.&#8220;<\/h2>\n                  <\/div>\n                <\/div>\n              <\/div>\n            <\/div>\n          <\/div>\n        <\/div>\n      <\/div>\n      <div data-colibri-id=\"128-c12\" class=\"h-row-container gutters-row-lg-0 gutters-row-md-0 gutters-row-0 gutters-row-v-lg-0 gutters-row-v-md-0 gutters-row-v-0 style-931 style-local-128-c12 position-relative\">\n        <!---->\n        <div class=\"h-row justify-content-lg-center justify-content-md-center justify-content-center align-items-lg-stretch align-items-md-stretch align-items-stretch gutters-col-lg-0 gutters-col-md-0 gutters-col-0 gutters-col-v-lg-0 gutters-col-v-md-0 gutters-col-v-0\">\n          <!---->\n          <div class=\"h-column h-column-container d-flex h-col-lg-auto h-col-md-auto h-col-auto style-932-outer style-local-128-c13-outer\">\n            <div data-colibri-id=\"128-c13\" class=\"d-flex h-flex-basis h-column__inner h-ui-empty-state-container h-px-lg-2 h-px-md-2 h-px-2 v-inner-lg-2 v-inner-md-2 v-inner-2 style-932 style-local-128-c13 position-relative\">\n              <!---->\n              <!---->\n              <div class=\"w-100 h-y-container h-column__content h-column__v-align flex-basis-100\">\n                <!---->\n              <\/div>\n            <\/div>\n          <\/div>\n          <div class=\"h-column h-column-container d-flex h-col-lg-auto h-col-md-auto h-col-auto style-933-outer style-local-128-c14-outer\">\n            <div data-colibri-id=\"128-c14\" class=\"d-flex h-flex-basis h-column__inner h-px-lg-0 h-px-md-0 h-px-0 v-inner-lg-0 v-inner-md-0 v-inner-0 style-933 style-local-128-c14 position-relative\">\n              <!---->\n              <!---->\n              <div class=\"w-100 h-y-container h-column__content h-column__v-align flex-basis-100 align-self-lg-start align-self-md-start align-self-start\">\n                <!---->\n                <div data-colibri-id=\"128-c15\" class=\"h-text h-text-component style-934 style-local-128-c15 position-relative h-element\">\n                  <!---->\n                  <!---->\n                  <div class=\"\">\n                    <p>Robert Karasek, CEO RK Exclusive Doors<\/p>\n                  <\/div>\n                <\/div>\n              <\/div>\n            <\/div>\n          <\/div>\n        <\/div>\n      <\/div>\n      <div data-colibri-id=\"128-c43\" class=\"h-row-container gutters-row-lg-0 gutters-row-md-0 gutters-row-0 gutters-row-v-lg-0 gutters-row-v-md-0 gutters-row-v-0 style-1221 style-local-128-c43 position-relative\">\n        <!---->\n        <div class=\"h-row justify-content-lg-center justify-content-md-center justify-content-center align-items-lg-stretch align-items-md-stretch align-items-stretch gutters-col-lg-0 gutters-col-md-0 gutters-col-0 gutters-col-v-lg-0 gutters-col-v-md-0 gutters-col-v-0\">\n          <!---->\n          <div class=\"h-column h-column-container d-flex h-col-lg-auto h-col-md-auto h-col-auto style-1222-outer style-local-128-c44-outer\">\n            <div data-colibri-id=\"128-c44\" class=\"d-flex h-flex-basis h-column__inner h-px-lg-0 h-px-md-0 h-px-0 v-inner-lg-0 v-inner-md-0 v-inner-0 style-1222 style-local-128-c44 position-relative\">\n              <!---->\n              <!---->\n              <div class=\"w-100 h-y-container h-column__content h-column__v-align flex-basis-100 align-self-lg-start align-self-md-start align-self-start\">\n                <!---->\n                <div data-colibri-id=\"128-c45\" class=\"h-divider style-1220 style-local-128-c45 position-relative h-element\">\n                  <!----><span class=\"h-divider__line style-1220-line style-local-128-c45-line style-1220-line style-local-128-c45-line\"><\/span><\/div>\n              <\/div>\n            <\/div>\n          <\/div>\n        <\/div>\n      <\/div>\n      <div data-colibri-id=\"128-c40\" class=\"h-row-container gutters-row-lg-1 gutters-row-md-1 gutters-row-0 gutters-row-v-lg-1 gutters-row-v-md-1 gutters-row-v-1 style-1217 style-local-128-c40 position-relative\">\n        <!---->\n        <div class=\"h-row justify-content-lg-center justify-content-md-center justify-content-center align-items-lg-stretch align-items-md-stretch align-items-stretch gutters-col-lg-1 gutters-col-md-1 gutters-col-0 gutters-col-v-lg-1 gutters-col-v-md-1 gutters-col-v-1\">\n          <!---->\n          <div class=\"h-column h-column-container d-flex h-col-lg-auto h-col-md-auto h-col-auto style-1218-outer style-local-128-c41-outer\">\n            <div data-colibri-id=\"128-c41\" class=\"d-flex h-flex-basis h-column__inner h-px-lg-0 h-px-md-0 h-px-0 v-inner-lg-0 v-inner-md-0 v-inner-0 style-1218 style-local-128-c41 position-relative\">\n              <!---->\n              <!---->\n              <div class=\"w-100 h-y-container h-column__content h-column__v-align flex-basis-100 align-self-lg-start align-self-md-start align-self-start\">\n                <!---->\n                <div data-colibri-id=\"128-c42\" class=\"d-block style-935 style-local-128-c42 position-relative h-element\">\n                  <!---->\n                  <div class=\"h-image__frame-container-outer\">\n                    <div class=\"h-image__frame-container\">\n                      <!---->\n                      <!---->\n                      <img loading=\"lazy\" width=\"244\" height=\"244\" src=\"https:\/\/ffs-bauelemente.com\/wp-content\/uploads\/2021\/03\/cropped-image007-1.png\" class=\"wp-image-1048 style-935-image style-local-128-c42-image\" srcset=\"https:\/\/ffs-bauelemente.com\/wp-content\/uploads\/2021\/03\/cropped-image007-1.png 244w, https:\/\/ffs-bauelemente.com\/wp-content\/uploads\/2021\/03\/cropped-image007-1-150x150.png 150w\" sizes=\"(max-width: 244px) 100vw, 244px\" alt=\"\" \/>\n                      <div class=\"h-image__frame h-hide-lg h-hide-md h-hide-sm style-935-frameImage style-local-128-c42-frameImage\"><\/div>\n                    <\/div>\n                  <\/div>\n                <\/div>\n              <\/div>\n            <\/div>\n          <\/div>\n        <\/div>\n      <\/div>\n    <\/div>\n  <\/div>\n  <div data-colibri-component=\"section\" data-colibri-id=\"128-c16\" id=\"about-2\" class=\"h-section h-section-global-spacing d-flex align-items-lg-center align-items-md-center align-items-center style-855 style-local-128-c16 position-relative\">\n    <!---->\n    <!---->\n    <div class=\"h-section-grid-container h-section-boxed-container\">\n      <!---->\n      <div data-colibri-id=\"128-c17\" class=\"h-row-container gutters-row-lg-0 gutters-row-md-0 gutters-row-0 gutters-row-v-lg-0 gutters-row-v-md-0 gutters-row-v-0 style-856 style-local-128-c17 position-relative\">\n        <!---->\n        <div class=\"h-row justify-content-lg-center justify-content-md-center justify-content-center align-items-lg-stretch align-items-md-stretch align-items-stretch gutters-col-lg-0 gutters-col-md-0 gutters-col-0 gutters-col-v-lg-0 gutters-col-v-md-0 gutters-col-v-0\">\n          <!---->\n          <div class=\"h-column h-column-container d-flex h-col-lg-auto h-col-md-auto h-col-auto style-857-outer style-local-128-c18-outer\">\n            <div data-colibri-id=\"128-c18\" class=\"d-flex h-flex-basis h-column__inner h-px-lg-0 h-px-md-0 h-px-0 v-inner-lg-0 v-inner-md-0 v-inner-0 style-857 style-local-128-c18 position-relative\">\n              <!---->\n              <!---->\n              <div class=\"w-100 h-y-container h-column__content h-column__v-align flex-basis-100 align-self-lg-start align-self-md-start align-self-start\">\n                <!---->\n                <div data-colibri-id=\"128-c19\" class=\"h-global-transition-all h-heading style-858 style-local-128-c19 position-relative h-element\">\n                  <!---->\n                  <div class=\"h-heading__outer style-858 style-local-128-c19\">\n                    <!---->\n                    <!---->\n                    <h4 class=\"\">Exklusive Aluminium-Haust\u00fcren&nbsp;<\/h4>\n                  <\/div>\n                <\/div>\n                <div data-colibri-id=\"128-c20\" class=\"h-x-container style-867 style-local-128-c20 position-relative h-element\">\n                  <!---->\n                  <div class=\"h-x-container-inner style-dynamic-128-c20-group style-867-spacing style-local-128-c20-spacing\"><span class=\"h-link__outer style-868-outer style-local-128-c21-outer d-inline-flex h-element\"><a h-use-smooth-scroll=\"true\" href=\"https:\/\/www.rkexclusivedoors.de\/media\/frontend\/pdf\/de\/glassline-de.pdf\"  data-colibri-id=\"128-c21\" class=\"d-flex w-100 align-items-center h-link style-868 style-local-128-c21 position-relative\"><!----><!----> <span>GlassLine<\/span><\/a>\n                    <\/span>\n                  <\/div>\n                <\/div>\n                <div data-colibri-id=\"128-c22\" class=\"h-x-container style-871 style-local-128-c22 position-relative h-element\">\n                  <!---->\n                  <div class=\"h-x-container-inner style-dynamic-128-c22-group style-871-spacing style-local-128-c22-spacing\"><span class=\"h-link__outer style-872-outer style-local-128-c23-outer d-inline-flex h-element\"><a h-use-smooth-scroll=\"true\" href=\"https:\/\/www.rkexclusivedoors.de\/media\/frontend\/pdf\/de\/smartline-de.pdf\"  data-colibri-id=\"128-c23\" class=\"d-flex w-100 align-items-center h-link style-872 style-local-128-c23 position-relative\"><!----><!----> <span>SmartLine<\/span><\/a>\n                    <\/span>\n                  <\/div>\n                <\/div>\n                <div data-colibri-id=\"128-c24\" class=\"h-x-container style-883 style-local-128-c24 position-relative h-element\">\n                  <!---->\n                  <div class=\"h-x-container-inner style-dynamic-128-c24-group style-883-spacing style-local-128-c24-spacing\"><span class=\"h-link__outer style-884-outer style-local-128-c25-outer d-inline-flex h-element\"><a h-use-smooth-scroll=\"true\" href=\"https:\/\/www.rkexclusivedoors.de\/media\/frontend\/pdf\/de\/futureline-de.pdf\"  data-colibri-id=\"128-c25\" class=\"d-flex w-100 align-items-center h-link style-884 style-local-128-c25 position-relative\"><!----><!----> <span>FutureLine<\/span><\/a>\n                    <\/span>\n                  <\/div>\n                <\/div>\n                <div data-colibri-id=\"128-c26\" class=\"h-x-container style-881 style-local-128-c26 position-relative h-element\">\n                  <!---->\n                  <div class=\"h-x-container-inner style-dynamic-128-c26-group style-881-spacing style-local-128-c26-spacing\"><span class=\"h-link__outer style-882-outer style-local-128-c27-outer d-inline-flex h-element\"><a h-use-smooth-scroll=\"true\" href=\"https:\/\/www.rkexclusivedoors.de\/media\/frontend\/pdf\/de\/artline-de.pdf\"  data-colibri-id=\"128-c27\" class=\"d-flex w-100 align-items-center h-link style-882 style-local-128-c27 position-relative\"><!----><!----> <span>ArtLine<\/span><\/a>\n                    <\/span>\n                  <\/div>\n                <\/div>\n                <div data-colibri-id=\"128-c28\" class=\"h-x-container style-879 style-local-128-c28 position-relative h-element\">\n                  <!---->\n                  <div class=\"h-x-container-inner style-dynamic-128-c28-group style-879-spacing style-local-128-c28-spacing\"><span class=\"h-link__outer style-880-outer style-local-128-c29-outer d-inline-flex h-element\"><a h-use-smooth-scroll=\"true\" href=\"https:\/\/www.rkexclusivedoors.de\/media\/frontend\/pdf\/de\/classicline-de.pdf\"  data-colibri-id=\"128-c29\" class=\"d-flex w-100 align-items-center h-link style-880 style-local-128-c29 position-relative\"><!----><!----> <span>ClassicLine<\/span><\/a>\n                    <\/span>\n                  <\/div>\n                <\/div>\n                <div data-colibri-id=\"128-c30\" class=\"h-x-container style-877 style-local-128-c30 position-relative h-element\">\n                  <!---->\n                  <div class=\"h-x-container-inner style-dynamic-128-c30-group style-877-spacing style-local-128-c30-spacing\"><span class=\"h-link__outer style-878-outer style-local-128-c31-outer d-inline-flex h-element\"><a h-use-smooth-scroll=\"true\" href=\"https:\/\/www.rkexclusivedoors.de\/media\/frontend\/pdf\/de\/basicline-de.pdf\"  data-colibri-id=\"128-c31\" class=\"d-flex w-100 align-items-center h-link style-878 style-local-128-c31 position-relative\"><!----><!----> <span>BasicLine<\/span><\/a>\n                    <\/span>\n                  <\/div>\n                <\/div>\n                <div data-colibri-id=\"128-c32\" class=\"h-x-container style-887 style-local-128-c32 position-relative h-element\">\n                  <!---->\n                  <div class=\"h-x-container-inner style-dynamic-128-c32-group style-887-spacing style-local-128-c32-spacing\"><span class=\"h-link__outer style-888-outer style-local-128-c33-outer d-inline-flex h-element\"><a h-use-smooth-scroll=\"true\" href=\"https:\/\/ffs-bauelemente.com\/wp-content\/uploads\/2021\/03\/Broszura-16-modeli-DE.pdf\"  data-colibri-id=\"128-c33\" class=\"d-flex w-100 align-items-center h-link style-888 style-local-128-c33 position-relative\"><!----><!----> <span>Neu! RK PIVOT DOORS<\/span><\/a>\n                    <\/span>\n                  <\/div>\n                <\/div>\n                <div data-colibri-id=\"128-c34\" class=\"h-x-container style-875 style-local-128-c34 position-relative h-element\">\n                  <!---->\n                  <div class=\"h-x-container-inner style-dynamic-128-c34-group style-875-spacing style-local-128-c34-spacing\"><span class=\"h-link__outer style-876-outer style-local-128-c35-outer d-inline-flex h-element\"><a h-use-smooth-scroll=\"true\" href=\"https:\/\/www.rkexclusivedoors.de\/media\/frontend\/pdf\/de\/techline-de.pdf\"  data-colibri-id=\"128-c35\" class=\"d-flex w-100 align-items-center h-link style-876 style-local-128-c35 position-relative\"><!----><!----> <span>NetLine<\/span><\/a>\n                    <\/span>\n                  <\/div>\n                <\/div>\n                <div data-colibri-id=\"128-c36\" class=\"h-x-container style-885 style-local-128-c36 position-relative h-element\">\n                  <!---->\n                  <div class=\"h-x-container-inner style-dynamic-128-c36-group style-885-spacing style-local-128-c36-spacing\"><span class=\"h-link__outer style-886-outer style-local-128-c37-outer d-inline-flex h-element\"><a h-use-smooth-scroll=\"true\" href=\"https:\/\/www.rkexclusivedoors.de\/media\/frontend\/pdf\/de\/akcesoria-de.pdf\"  data-colibri-id=\"128-c37\" class=\"d-flex w-100 align-items-center h-link style-886 style-local-128-c37 position-relative\"><!----><!----> <span>Zubeh\u00f6r<\/span><\/a>\n                    <\/span>\n                  <\/div>\n                <\/div>\n              <\/div>\n            <\/div>\n          <\/div>\n          <div class=\"h-column h-column-container d-flex h-col-lg-auto h-col-md-auto h-col-auto style-863-outer style-local-128-c38-outer\">\n            <div data-colibri-id=\"128-c38\" class=\"d-flex h-flex-basis h-column__inner h-px-lg-2 h-px-md-2 h-px-2 v-inner-lg-2 v-inner-md-2 v-inner-2 style-863 style-local-128-c38 position-relative\">\n              <!---->\n              <!---->\n              <div class=\"w-100 h-y-container h-column__content h-column__v-align flex-basis-100 align-self-lg-start align-self-md-start align-self-start\">\n                <!---->\n                <div data-colibri-id=\"128-c39\" class=\"d-block style-864 style-local-128-c39 position-relative h-element\">\n                  <!---->\n                  <div class=\"h-image__frame-container-outer\">\n                    <div class=\"h-image__frame-container\">\n                      <!---->\n                      <!---->\n                      <img loading=\"lazy\" width=\"600\" height=\"777\" src=\"https:\/\/ffs-bauelemente.com\/wp-content\/uploads\/2021\/03\/cropped-RK-Applikation-2.jpg\" class=\"wp-image-853 style-864-image style-local-128-c39-image\" srcset=\"https:\/\/ffs-bauelemente.com\/wp-content\/uploads\/2021\/03\/cropped-RK-Applikation-2.jpg 600w, https:\/\/ffs-bauelemente.com\/wp-content\/uploads\/2021\/03\/cropped-RK-Applikation-2-232x300.jpg 232w\" sizes=\"(max-width: 600px) 100vw, 600px\" alt=\"\" \/>\n                      <div class=\"h-image__frame h-hide-lg h-hide-md h-hide-sm style-864-frameImage style-local-128-c39-frameImage\"><\/div>\n                    <\/div>\n                  <\/div>\n                <\/div>\n              <\/div>\n            <\/div>\n          <\/div>\n        <\/div>\n      <\/div>\n    <\/div>\n  <\/div>\n<\/div>","protected":false},"excerpt":{"rendered":"<p>Haust\u00fcren &#8222;Meine Leidenschaft, Ihre Haust\u00fcren.&#8220; Robert Karasek, CEO RK Exclusive Doors Exklusive Aluminium-Haust\u00fcren&nbsp; GlassLine SmartLine FutureLine ArtLine ClassicLine BasicLine Neu! RK PIVOT DOORS NetLine Zubeh\u00f6r<\/p>\n","protected":false},"author":1,"featured_media":0,"parent":0,"menu_order":0,"comment_status":"closed","ping_status":"closed","template":"page-templates\/full-width-page.php","meta":[],"_links":{"self":[{"href":"https:\/\/ffs-bauelemente.com\/index.php\/wp-json\/wp\/v2\/pages\/128"}],"collection":[{"href":"https:\/\/ffs-bauelemente.com\/index.php\/wp-json\/wp\/v2\/pages"}],"about":[{"href":"https:\/\/ffs-bauelemente.com\/index.php\/wp-json\/wp\/v2\/types\/page"}],"author":[{"embeddable":true,"href":"https:\/\/ffs-bauelemente.com\/index.php\/wp-json\/wp\/v2\/users\/1"}],"replies":[{"embeddable":true,"href":"https:\/\/ffs-bauelemente.com\/index.php\/wp-json\/wp\/v2\/comments?post=128"}],"version-history":[{"count":16,"href":"https:\/\/ffs-bauelemente.com\/index.php\/wp-json\/wp\/v2\/pages\/128\/revisions"}],"predecessor-version":[{"id":1729,"href":"https:\/\/ffs-bauelemente.com\/index.php\/wp-json\/wp\/v2\/pages\/128\/revisions\/1729"}],"wp:attachment":[{"href":"https:\/\/ffs-bauelemente.com\/index.php\/wp-json\/wp\/v2\/media?parent=128"}],"curies":[{"name":"wp","href":"https:\/\/api.w.org\/{rel}","templated":true}]}}