{"id":125,"date":"2021-03-06T14:10:58","date_gmt":"2021-03-06T14:10:58","guid":{"rendered":"https:\/\/ffs-bauelemente.com\/?page_id=125"},"modified":"2021-05-02T11:59:28","modified_gmt":"2021-05-02T11:59:28","slug":"jobs","status":"publish","type":"page","link":"https:\/\/ffs-bauelemente.com\/index.php\/jobs\/","title":{"rendered":"Jobs"},"content":{"rendered":"<div data-colibri-id=\"125-c1\" class=\"style-1545 style-local-125-c1 position-relative\">\n  <!---->\n  <div data-colibri-component=\"section\" data-colibri-id=\"125-c2\" id=\"initial-content\" class=\"h-section h-section-global-spacing d-flex align-items-lg-start align-items-md-start align-items-start style-1546 style-local-125-c2 position-relative\">\n    <!---->\n    <!---->\n    <div class=\"h-section-grid-container h-section-fluid-container\">\n      <!---->\n      <div data-colibri-id=\"125-c3\" class=\"h-row-container gutters-row-lg-0 gutters-row-md-0 gutters-row-0 gutters-row-v-lg-0 gutters-row-v-md-0 gutters-row-v-0 style-1550 style-local-125-c3 position-relative\">\n        <!---->\n        <div class=\"h-row justify-content-lg-center justify-content-md-center justify-content-center align-items-lg-center align-items-md-center align-items-center gutters-col-lg-0 gutters-col-md-0 gutters-col-0 gutters-col-v-lg-0 gutters-col-v-md-0 gutters-col-v-0\">\n          <!---->\n          <div class=\"h-column h-column-container d-flex h-col-lg-12 h-col-md-12 h-col-12 align-self-lg-center align-self-md-center align-self-center style-1551-outer style-local-125-c4-outer\">\n            <div data-colibri-id=\"125-c4\" class=\"d-flex h-flex-basis h-column__inner h-px-lg-1 h-px-md-1 h-px-1 v-inner-lg-1 v-inner-md-1 v-inner-1 style-1551 style-local-125-c4 position-relative\">\n              <!---->\n              <!---->\n              <div class=\"w-100 h-y-container h-column__content h-column__v-align flex-basis-100 align-self-lg-start align-self-md-start align-self-start\">\n                <!---->\n                <div data-colibri-id=\"125-c5\" class=\"h-row-container gutters-row-lg-0 gutters-row-md-0 gutters-row-0 gutters-row-v-lg-0 gutters-row-v-md-0 gutters-row-v-0 style-1599 style-local-125-c5 position-relative\">\n                  <!---->\n                  <div class=\"h-row justify-content-lg-center justify-content-md-center justify-content-center align-items-lg-stretch align-items-md-stretch align-items-stretch gutters-col-lg-0 gutters-col-md-0 gutters-col-0 gutters-col-v-lg-0 gutters-col-v-md-0 gutters-col-v-0\">\n                    <!---->\n                    <div class=\"h-column h-column-container d-flex h-col-lg-auto h-col-md-auto h-col-auto style-1601-outer style-local-125-c6-outer\">\n                      <div data-colibri-id=\"125-c6\" class=\"d-flex h-flex-basis h-column__inner h-px-lg-0 h-px-md-0 h-px-0 v-inner-lg-0 v-inner-md-0 v-inner-0 style-1601 style-local-125-c6 position-relative\">\n                        <!---->\n                        <!---->\n                        <div class=\"w-100 h-y-container h-column__content h-column__v-align flex-basis-100 align-self-lg-start align-self-md-start align-self-start\">\n                          <!---->\n                          <div data-colibri-id=\"125-c7\" class=\"h-global-transition-all h-heading style-1602 style-local-125-c7 position-relative h-element\">\n                            <!---->\n                            <div class=\"h-heading__outer style-1602 style-local-125-c7\">\n                              <!---->\n                              <!---->\n                              <h1 class=\"\">Jobs<\/h1>\n                            <\/div>\n                          <\/div>\n                        <\/div>\n                      <\/div>\n                    <\/div>\n                  <\/div>\n                <\/div>\n              <\/div>\n            <\/div>\n          <\/div>\n        <\/div>\n      <\/div>\n      <div data-colibri-id=\"125-c16\" class=\"h-row-container gutters-row-lg-2 gutters-row-md-2 gutters-row-0 gutters-row-v-lg-2 gutters-row-v-md-2 gutters-row-v-2 style-1619 style-local-125-c16 position-relative\">\n        <!---->\n        <div class=\"h-row justify-content-lg-center justify-content-md-center justify-content-center align-items-lg-stretch align-items-md-stretch align-items-stretch gutters-col-lg-2 gutters-col-md-2 gutters-col-0 gutters-col-v-lg-2 gutters-col-v-md-2 gutters-col-v-2\">\n          <!---->\n          <div class=\"h-column h-column-container d-flex h-col-lg-auto h-col-md-auto h-col-auto style-1621-outer style-local-125-c17-outer\">\n            <div data-colibri-id=\"125-c17\" class=\"d-flex h-flex-basis h-column__inner h-ui-empty-state-container h-px-lg-2 h-px-md-2 h-px-2 v-inner-lg-2 v-inner-md-2 v-inner-2 style-1621 style-local-125-c17 position-relative\">\n              <!---->\n              <!---->\n              <div class=\"w-100 h-y-container h-column__content h-column__v-align flex-basis-100\">\n                <!---->\n              <\/div>\n            <\/div>\n          <\/div>\n        <\/div>\n      <\/div>\n      <div data-colibri-id=\"125-c18\" class=\"h-row-container gutters-row-lg-0 gutters-row-md-0 gutters-row-0 gutters-row-v-lg-0 gutters-row-v-md-0 gutters-row-v-0 style-1547 style-local-125-c18 position-relative\">\n        <!---->\n        <div class=\"h-row justify-content-lg-center justify-content-md-center justify-content-center align-items-lg-stretch align-items-md-stretch align-items-stretch gutters-col-lg-0 gutters-col-md-0 gutters-col-0 gutters-col-v-lg-0 gutters-col-v-md-0 gutters-col-v-0\">\n          <!---->\n          <div class=\"h-column h-column-container d-flex h-col-lg-auto h-col-md-auto h-col-auto style-1548-outer style-local-125-c19-outer\">\n            <div data-colibri-id=\"125-c19\" class=\"d-flex h-flex-basis h-column__inner h-px-lg-2 h-px-md-2 h-px-2 v-inner-lg-2 v-inner-md-2 v-inner-2 style-1548 style-local-125-c19 position-relative\">\n              <!---->\n              <!---->\n              <div class=\"w-100 h-y-container h-column__content h-column__v-align flex-basis-100 align-self-lg-start align-self-md-start align-self-start\">\n                <!---->\n                <div data-colibri-id=\"125-c20\" class=\"h-global-transition-all h-heading style-1615 style-local-125-c20 position-relative h-element\">\n                  <!---->\n                  <div class=\"h-heading__outer style-1615 style-local-125-c20\">\n                    <!---->\n                    <!---->\n                    <h3 class=\"\">Selbstst\u00e4ndige Monteure \/ Subunternehmer gesucht<\/h3>\n                  <\/div>\n                <\/div>\n                <div data-colibri-id=\"125-c21\" class=\"h-text h-text-component style-1614 style-local-125-c21 position-relative h-element\">\n                  <!---->\n                  <!---->\n                  <div class=\"\">\n                    <p>Wir suchen immer wieder f\u00fcr gr\u00f6\u00dfere Projekte selbstst\u00e4ndige versierte und sauber arbeitende Monteure oder Montagetrupps.&nbsp;<\/p>\n                    <p>Sollten Sie Interesse oder Bedarf an gelegentlichen Montageauftr\u00e4gen haben, so melden Sie sich gern bei&nbsp;<\/p>\n                    <p>Franz B\u00f6ckl&nbsp;Tel.: 0172 9849800<\/p>\n                    <p>f\u00fcr weitere Informationen.<\/p>\n                    <p>(erstellt: 08.04.2021)<\/p>\n                  <\/div>\n                <\/div>\n                <div data-colibri-id=\"125-c22\" class=\"style-1549 style-local-125-c22 position-relative h-element\">\n                  <!---->\n                  <div>\n                    \n                    <h1 class=\"has-colibri-color-5-color has-text-color\"><\/h1>\n                    \n\n                    \n                    <hr class=\"wp-block-separator\">\n                    \n\n                    \n                    <hr class=\"wp-block-separator has-text-color has-background is-style-wide\" style=\"background-color:#c03232;color:#c03232\">\n                    \n\n                    \n                    <p class=\"has-text-color\" style=\"color:#c03232;font-size:28px\"><strong>Montagehelfer<\/strong> m\/w\/d<\/p>\n                    \n\n                    \n                    <p>auf Minijob-Basis <\/p>\n                    \n\n                    \n                    <p><strong>Sie sind:<\/strong><\/p>\n                    \n\n                    \n                    <ul>\n                      <li>zuverl\u00e4ssig<\/li>\n                      <li>freundlich <\/li>\n                      <li>flei\u00dfig<\/li>\n                      <li>an wechselnden Herausforderungen interessiert<\/li>\n                      <li>zeitlich flexibel<\/li>\n                      <li>gesund und kr\u00e4ftig<\/li>\n                      <li>im Besitz eines F\u00fchrerscheins Kl. B<\/li>\n                    <\/ul>\n                    \n\n                    \n                    <p>dann sind Sie unser dringend gesuchter Mitarbeiter und sollten sich bei uns melden!<\/p>\n                    \n\n                    \n                    <p><strong>Wir bieten:<\/strong><\/p>\n                    \n\n                    \n                    <ul>\n                      <li>sehr gute Bezahlung<\/li>\n                      <li>sorgf\u00e4ltige und geduldige Einarbeitung<\/li>\n                      <li>lockeres Arbeitsklima<\/li>\n                      <li>abwechslungsreiche T\u00e4tigkeit<\/li>\n                      <li>regionales Arbeitsumfeld (in der Regel im Umkreis von 50 km um Achberg)<\/li>\n                      <li>Fahrtkostenzuschuss<\/li>\n                    <\/ul>\n                    \n\n                    \n                    <p>Ihr Ansprechpartner: Herr B\u00f6ckl (0172-9849800)<\/p>\n                    \n\n                    \n                    <p class=\"has-small-font-size\">(erstellt: 22.03.2021)<\/p>\n                    \n\n                    \n                    <hr class=\"wp-block-separator has-text-color has-background is-style-wide\" style=\"background-color:#c03232;color:#c03232\">\n                    \n\n                    \n                    <p style=\"font-size:28px\"><span style=\"color:#c03232\" class=\"has-inline-color\"><strong>Reinigungskraft<\/strong> m\/w\/d<\/span><\/p>\n                    \n\n                    \n                    <p>1 x w\u00f6chtl. auf Minijob-Basis (gesamt 8-12 Std. monatlich) <\/p>\n                    \n\n                    \n                    <p> <strong>Sie sind: <\/strong><\/p>\n                    \n\n                    \n                    <ul>\n                      <li>ehrlich<\/li>\n                      <li>zuverl\u00e4ssig<\/li>\n                      <li>tierlieb<\/li>\n                      <li>sauber<\/li>\n                    <\/ul>\n                    \n\n                    \n                    <p>dann melden Sie sich bitte per E-mail oder Anruf.<\/p>\n                    \n\n                    \n                    <p><strong>Wir bieten:<\/strong><\/p>\n                    \n\n                    \n                    <ul>\n                      <li>\u00fcbertarifliche Bezahlung<\/li>\n                      <li>Fahrtkostenerstattung (pauschal)<\/li>\n                      <li>freie Zeiteinteilung<\/li>\n                      <li>freundliches Arbeitsumfeld<\/li>\n                    <\/ul>\n                    \n\n                    \n                    <hr class=\"wp-block-separator\">\n                    \n\n                    \n                    <p>Ihr Ansprechpartner: Herr B\u00f6ckl (0172-9849800)<\/p>\n                    \n\n                    \n                    <p class=\"has-small-font-size\">(erstellt: 08.04.2021)<\/p>\n                  <\/div>\n                <\/div>\n              <\/div>\n            <\/div>\n          <\/div>\n        <\/div>\n      <\/div>\n    <\/div>\n  <\/div>\n<\/div>","protected":false},"excerpt":{"rendered":"<p>Jobs Selbstst\u00e4ndige Monteure \/ Subunternehmer gesucht Wir suchen immer wieder f\u00fcr gr\u00f6\u00dfere Projekte selbstst\u00e4ndige versierte und sauber arbeitende Monteure oder Montagetrupps.&nbsp; Sollten Sie Interesse oder Bedarf an gelegentlichen Montageauftr\u00e4gen haben, so melden Sie sich gern bei&nbsp; Franz B\u00f6ckl&nbsp;Tel.: 0172 9849800 f\u00fcr weitere Informationen. (erstellt: 08.04.2021) Montagehelfer m\/w\/d auf Minijob-Basis Sie sind: zuverl\u00e4ssig freundlich flei\u00dfig an [&hellip;]<\/p>\n","protected":false},"author":1,"featured_media":0,"parent":0,"menu_order":0,"comment_status":"closed","ping_status":"closed","template":"page-templates\/full-width-page.php","meta":[],"_links":{"self":[{"href":"https:\/\/ffs-bauelemente.com\/index.php\/wp-json\/wp\/v2\/pages\/125"}],"collection":[{"href":"https:\/\/ffs-bauelemente.com\/index.php\/wp-json\/wp\/v2\/pages"}],"about":[{"href":"https:\/\/ffs-bauelemente.com\/index.php\/wp-json\/wp\/v2\/types\/page"}],"author":[{"embeddable":true,"href":"https:\/\/ffs-bauelemente.com\/index.php\/wp-json\/wp\/v2\/users\/1"}],"replies":[{"embeddable":true,"href":"https:\/\/ffs-bauelemente.com\/index.php\/wp-json\/wp\/v2\/comments?post=125"}],"version-history":[{"count":20,"href":"https:\/\/ffs-bauelemente.com\/index.php\/wp-json\/wp\/v2\/pages\/125\/revisions"}],"predecessor-version":[{"id":2277,"href":"https:\/\/ffs-bauelemente.com\/index.php\/wp-json\/wp\/v2\/pages\/125\/revisions\/2277"}],"wp:attachment":[{"href":"https:\/\/ffs-bauelemente.com\/index.php\/wp-json\/wp\/v2\/media?parent=125"}],"curies":[{"name":"wp","href":"https:\/\/api.w.org\/{rel}","templated":true}]}}